{"id":82,"date":"2025-01-23T13:14:13","date_gmt":"2025-01-23T12:14:13","guid":{"rendered":"https:\/\/dev.sysvol.hu\/echain\/?page_id=82"},"modified":"2026-03-02T15:34:32","modified_gmt":"2026-03-02T14:34:32","slug":"kapcsolat","status":"publish","type":"page","link":"https:\/\/e-chain.hu\/en\/kapcsolat\/","title":{"rendered":"Contact"},"content":{"rendered":"<section class=\"pb-5\">\n<div class=\"container\">\n<div class=\"row\">\n<div class=\"col-md-6\">\n<div class=\"lc-block\">\n<div editable=\"rich\">\n<h2>K\u00e9rj\u00fck, ne habozzon kapcsolatba l\u00e9pni vel\u00fcnk!<\/h2>\n<p>Amennyiben b\u00e1rmilyen k\u00e9rd\u00e9se vagy \u00e9szrev\u00e9tele van, k\u00e9szs\u00e9ggel \u00e1llunk rendelkez\u00e9s\u00e9re. Az al\u00e1bbi \u0171rlapon kereszt\u00fcl k\u00fcldheti el \u00fczenet\u00e9t, \u00e9s koll\u00e9g\u00e1ink a lehet\u0151 leghamarabb v\u00e1laszolnak. Minden inform\u00e1ci\u00f3t bizalmasan kezel\u00fcnk, \u00e9s biztosak vagyunk benne, hogy gyorsan megtal\u00e1ljuk a megfelel\u0151 megold\u00e1st.<\/p>\n<\/p><\/div>\n<\/p><\/div>\n<div class=\"lc-block\">\n<form>\n<div class=\"form-group mb-4\">\n\t\t\t\t\t\t\t<label>N\u00e9v (nem k\u00f6telez\u0151)<\/label><br \/>\n\t\t\t\t\t\t\t<input name=\"mouseglue\" type=\"text\" class=\"form-control\" placeholder=\"John Doe\" value=\"\" autocomplete=\"off\" hidden=\"\"><br \/>\n\t\t\t\t\t\t\t<input name=\"name\" type=\"text\" class=\"form-control\" placeholder=\"John Doe\" value=\"\">\n\t\t\t\t\t\t<\/div>\n<div class=\"form-group mb-4\">\n\t\t\t\t\t\t\t<label>Email c\u00edm<\/label><br \/>\n\t\t\t\t\t\t\t<input name=\"email\" type=\"email\" class=\"form-control\" placeholder=\"name@example.com\" value=\"\">\n\t\t\t\t\t\t<\/div>\n<div class=\"form-group mb-4\">\n\t\t\t\t\t\t\t<label>T\u00e1rgy (nem k\u00f6telez\u0151)<\/label><br \/>\n\t\t\t\t\t\t\t<input name=\"subject\" type=\"text\" class=\"form-control\" placeholder=\"\u00dczenet t\u00e1rgya\">\n\t\t\t\t\t\t<\/div>\n<div class=\"form-group mb-4\">\n\t\t\t\t\t\t\t<label>\u00dczenet<\/label><br \/>\n\t\t\t\t\t\t\t<textarea name=\"message\" class=\"form-control\" rows=\"3\" maxlength=\"300\"><\/textarea>\n\t\t\t\t\t\t<\/div>\n<p>\t\t\t\t\t\t<button type=\"submit\" class=\"btn btn-primary btn-lg btn-square\">\u0170rlap elk\u00fcld\u00e9se<\/button><\/p>\n\n\t<script>\n\t\/\/LC form submit event handler\n\tdocument.currentScript.closest(\"form\").addEventListener(\"submit\", function (event) {\n\t\tevent.preventDefault();\n\t\tconst theForm = this.closest(\"form\");\n\t\ttheForm.querySelector(\"[type=submit]\").setAttribute(\"disabled\",\"disabled\");\n\t\tif(!theForm.parentElement.querySelector(\".lc_form_feedback\")) {\n            console.log(\"add feedback div\");\n            theForm.insertAdjacentHTML(\"beforeend\", \"<div class=lc_form_feedback><\/div>\");\n        }\n        theForm.parentElement.querySelector(\".lc_form_feedback\").innerHTML=\"\";\n\t\tconst formdata = new FormData(event.currentTarget);\n\t\tformdata.append( \"nonce\", \"fc599fada0\" );\n\t\tformdata.append( \"action\", \"submit_contact_form\" );\n\t\tif (typeof (lc_forms_callback) == \"function\") {\n\t\t\tthe_result = lc_forms_callback(formdata);\n\t\t\tif (!the_result) {\n\t\t\t\t\/\/abort execution\n\t\t\t\ttheForm.querySelector(\"[type=submit]\").removeAttribute(\"disabled\" );\n\t\t\t\treturn false;\n\t\t\t}\n\t\t}\n\t\tfetch(\"https:\/\/e-chain.hu\/wp-admin\/admin-ajax.php\", {\n\t\t\tmethod: \"POST\",\n\t\t\tcredentials: \"same-origin\",\n\t\t\theaders: {\n\t\t\t\t\"Cache-Control\": \"no-cache\",\n\t\t\t},\n\t\t\tbody: formdata\n\t\t}).then(response => response.text())\n\t\t.then(response => {\n\t\t\t\/\/console.log(response);\n            if (response==\"-1\") {\n                alert(\"Invalid nonce value. Some kind of caching might be acting on it. Please try to reload the page and submit again the form, thank you.\");\n                return false;\n            }\n\t\t\ttheForm.parentElement.querySelector(\".lc_form_feedback\").innerHTML=response;\n\n\t\t\t\/\/ Execute any script tags in the response (useful to reset the form)\n\t\t\ttheForm.parentElement.querySelector(\".lc_form_feedback\").querySelectorAll(\"script\").forEach(script => {\n\t\t\t\tconst newScript = document.createElement(\"script\");\n\t\t\t\tArray.from(script.attributes).forEach(attr =>\n\t\t\t\t\tnewScript.setAttribute(attr.name, attr.value));\n\t\t\t\tnewScript.appendChild(document.createTextNode(script.innerHTML));\n\t\t\t\tscript.parentNode.replaceChild(newScript, script);\n\t\t\t});\n\n\t\t\ttheForm.parentElement.querySelector(\".lc_form_feedback\").scrollIntoView({block: \"end\", inline: \"nearest\"});\n\t\t\ttheForm.querySelector(\"[type=submit]\").removeAttribute(\"disabled\" );\n\t\t})\n\t\t.catch(err => {\n\t\t\talert(\"Form submit error. Details: \"+err);\n\t\t\ttheForm.querySelector(\"[type=submit]\").removeAttribute(\"disabled\" );\n\t\t});\n\t});\n\t<\/script>\n\t<\/form>\n<\/p><\/div>\n<\/p><\/div>\n<div class=\"col-md-6 sticky-column\">\n<div class=\"lc-block\">\n\t\t\t\t\t<img alt=\"\" loading=\"lazy\" decoding=\"async\" class=\"img-fluid p-5 wp-image-89\" src=\"https:\/\/e-chain.hu\/wp-content\/uploads\/2025\/01\/OIG3-Photoroom.png\" width=\"1024\" height=\"1024\" srcset=\"https:\/\/e-chain.hu\/wp-content\/uploads\/2025\/01\/OIG3-Photoroom.png 1024w, https:\/\/e-chain.hu\/wp-content\/uploads\/2025\/01\/OIG3-Photoroom-400x400.png 400w, https:\/\/e-chain.hu\/wp-content\/uploads\/2025\/01\/OIG3-Photoroom-150x150.png 150w, https:\/\/e-chain.hu\/wp-content\/uploads\/2025\/01\/OIG3-Photoroom-300x300.png 300w, https:\/\/e-chain.hu\/wp-content\/uploads\/2025\/01\/OIG3-Photoroom-768x768.png 768w\" sizes=\"auto, (max-width: 1024px) 100vw, 1024px\">\n\t\t\t\t<\/div>\n<\/p><\/div>\n<\/p><\/div>\n<\/p><\/div>\n<\/section>\n<section class=\"position-relative\">\n<div class=\"container-fluid\">\n<div class=\"row\">\n<div class=\"col\">\n<div class=\"lc-block\">\n<div class=\"ratio ratio-21x5\" style=\"min-height: 460px;\" lc-helper=\"gmap-embed\">\n\t\t\t\t\t\t<iframe loading=\"lazy\" src=\"https:\/\/maps.google.com\/maps?q=2119%20P%C3%A9cel%2C%20Hat%C3%A1r%20utca%203.&amp;t=m&amp;z=15&amp;output=embed&amp;iwloc=near\"><\/iframe>\n\t\t\t\t\t<\/div>\n<\/p><\/div>\n<\/p><\/div>\n<\/p><\/div>\n<\/p><\/div>\n<div class=\"position-relative position-md-absolute top-0 start-0 w-100 pe-none\" style=\"height: 100%;\">\n<div class=\"container p-4 pe-none\" style=\"height: 100%\">\n<div class=\"col-md-3 bg-light text-dark\" style=\"height: 100%;\">\n<div class=\"d-flex flex-row flex-md-column\">\n<div class=\"lc-block d-none d-md-block\">\n\t\t\t\t\t\t<img alt=\"\" loading=\"lazy\" decoding=\"async\" class=\"img-fluid wp-image-301\" src=\"https:\/\/e-chain.hu\/wp-content\/uploads\/2025\/02\/office-building.jpg\" width=\"640\" height=\"427\" srcset=\"https:\/\/e-chain.hu\/wp-content\/uploads\/2025\/02\/office-building.jpg 640w, https:\/\/e-chain.hu\/wp-content\/uploads\/2025\/02\/office-building-300x200.jpg 300w\">\n\t\t\t\t\t<\/div>\n<div class=\"lc-block\">\n<div editable=\"rich\" class=\"small p-4\">\n<h3>E-Chain Kft.<\/h3>\n<p class=\"small\">\n\t\t\t\t\t\t\t\t<i class=\"bi bi-telephone\"><\/i> +36 1 234 5678 <br \/>\n\t\t\t\t\t\t\t\t<i class=\"bi bi-link-45deg\"><\/i> https:\/\/e-chain.hu<br \/>\n\t\t\t\t\t\t\t\t<i class=\"bi bi-envelope-fill\"><\/i> info@e-chain.hu\n\t\t\t\t\t\t\t<\/p>\n<\/p><\/div>\n<\/p><\/div>\n<\/p><\/div>\n<\/p><\/div>\n<\/p><\/div>\n<\/p><\/div>\n<\/section>\n","protected":false},"excerpt":{"rendered":"<p>L\u00e9pjen vel\u00fcnk kapcsolatba \u2013 minden k\u00e9rd\u00e9s\u00e9re gyors \u00e9s megb\u00edzhat\u00f3 v\u00e1laszt adunk!<\/p>","protected":false},"author":1,"featured_media":0,"parent":0,"menu_order":0,"comment_status":"closed","ping_status":"closed","template":"","meta":{"_seopress_robots_primary_cat":"","_seopress_titles_title":"","_seopress_titles_desc":"","_seopress_robots_index":"","footnotes":""},"class_list":["post-82","page","type-page","status-publish","hentry"],"_links":{"self":[{"href":"https:\/\/e-chain.hu\/en\/wp-json\/wp\/v2\/pages\/82","targetHints":{"allow":["GET"]}}],"collection":[{"href":"https:\/\/e-chain.hu\/en\/wp-json\/wp\/v2\/pages"}],"about":[{"href":"https:\/\/e-chain.hu\/en\/wp-json\/wp\/v2\/types\/page"}],"author":[{"embeddable":true,"href":"https:\/\/e-chain.hu\/en\/wp-json\/wp\/v2\/users\/1"}],"replies":[{"embeddable":true,"href":"https:\/\/e-chain.hu\/en\/wp-json\/wp\/v2\/comments?post=82"}],"version-history":[{"count":24,"href":"https:\/\/e-chain.hu\/en\/wp-json\/wp\/v2\/pages\/82\/revisions"}],"predecessor-version":[{"id":693,"href":"https:\/\/e-chain.hu\/en\/wp-json\/wp\/v2\/pages\/82\/revisions\/693"}],"wp:attachment":[{"href":"https:\/\/e-chain.hu\/en\/wp-json\/wp\/v2\/media?parent=82"}],"curies":[{"name":"wp","href":"https:\/\/api.w.org\/{rel}","templated":true}]}}