{"id":792,"date":"2025-08-11T14:30:21","date_gmt":"2025-08-11T12:30:21","guid":{"rendered":"https:\/\/dev.sysvol.hu\/echain\/?page_id=792"},"modified":"2026-03-09T07:18:54","modified_gmt":"2026-03-09T06:18:54","slug":"kezdooldal","status":"publish","type":"page","link":"https:\/\/e-chain.hu\/en\/","title":{"rendered":"Kezd\u0151oldal"},"content":{"rendered":"<p><!-- HERO CAROUSEL --><\/p>\n<section id=\"heroCarousel\" class=\"carousel slide carousel-fade\" data-bs-ride=\"carousel\" data-bs-interval=\"4500\">\n<div class=\"carousel-inner\">\n<div class=\"py-3 py-md-5 carousel-item carousel-item-1 active\">\n<div class=\"background-image min-vh-100\" style=\"background-image: url(&#039;https:\/\/e-chain.hu\/wp-content\/uploads\/2026\/02\/laser-inspection-industrial.webp&#039;); background-size: cover; background-position: center;\"><\/div>\n<div class=\"carousel-caption text-center text-white py-3 py-md-5\">\n<h2 class=\"pb-3 display-4 fw-bold\">\n\t\t\t\t\t\t\tInnovat\u00edv gy\u00e1rt\u00e1si megold\u00e1sok<br \/>\n\t\t\t\t\t\t<\/h2>\n<p class=\"lead\">\n\t\t\t\t\t\t\tH\u0151profiloz\u00f3 rendszereinkt\u0151l a teljes automatiz\u00e1lt \u00f6sszeszerel\u0151vonalakig \u2013 partnereinkkel egy\u00fctt maximaliz\u00e1ljuk a hat\u00e9konys\u00e1got \u00e9s a min\u0151s\u00e9get.\n\t\t\t\t\t\t<\/p>\n<p>\t\t\t\t\t\t<a href=\"https:\/\/e-chain.hu\/en\/innovativ-gyartasi-megoldasok\/\" class=\"btn btn-primary btn-lg d-none\">Tov\u00e1bb olvasom<\/a>\n\t\t\t\t\t<\/div>\n<\/p><\/div>\n<div class=\"py-3 py-md-5 carousel-item carousel-item-2\">\n<div class=\"background-image min-vh-100\" style=\"background-image: url(&#039;https:\/\/e-chain.hu\/wp-content\/uploads\/2026\/02\/smt-ellenorzes-teszteles.webp&#039;); background-size: cover; background-position: center;\"><\/div>\n<div class=\"carousel-caption text-center text-white py-3 py-md-5\">\n<h2 class=\"pb-3 display-4 fw-bold\">\n\t\t\t\t\t\t\tPrec\u00edz hibafelismer\u00e9s \u2013 bel\u00fclr\u0151l is<br \/>\n\t\t\t\t\t\t<\/h2>\n<p class=\"lead\">\n\t\t\t\t\t\t\tAutomatikus X-ray rendszereinkkel a legkisebb rejtett hib\u00e1t is azonnal \u00e9szlelj\u00fck, minimaliz\u00e1lva a gy\u00e1rt\u00e1si selejtet \u00e9s a garanci\u00e1lis probl\u00e9m\u00e1kat.\n\t\t\t\t\t\t<\/p>\n<p>\t\t\t\t\t\t<a href=\"https:\/\/e-chain.hu\/en\/preciz-hibafelismeres-belulrol-is\/\" class=\"btn btn-primary btn-lg d-none\">Tov\u00e1bb olvasom<\/a>\n\t\t\t\t\t<\/div>\n<\/p><\/div>\n<\/p><\/div>\n<p>\t\t<!-- Controls --><br \/>\n\t\t<button class=\"carousel-control-prev\" type=\"button\" data-bs-target=\"#heroCarousel\" data-bs-slide=\"prev\" aria-label=\"El\u0151z\u0151\"><br \/>\n\t\t\t<span class=\"carousel-control-prev-icon\" aria-hidden=\"true\"><\/span><br \/>\n\t\t\t<span class=\"visually-hidden\">El\u0151z\u0151<\/span><br \/>\n\t\t<\/button><br \/>\n\t\t<button class=\"carousel-control-next\" type=\"button\" data-bs-target=\"#heroCarousel\" data-bs-slide=\"next\" aria-label=\"K\u00f6vetkez\u0151\"><br \/>\n\t\t\t<span class=\"carousel-control-next-icon\" aria-hidden=\"true\"><\/span><br \/>\n\t\t\t<span class=\"visually-hidden\">K\u00f6vetkez\u0151<\/span><br \/>\n\t\t<\/button><br \/>\n\t<\/section>\n<section class=\"py-5\">\n<div class=\"bg-primary d-flex text-center\" lc-helper=\"background\" style=\"min-height: 20vh; background-attachment: fixed; background-size: cover; background-position: center center; background-color: #eee;\">\n<div class=\"my-3 align-self-center w-100 py-5 text-light text-center\">\n<div class=\"lc-block\" editable=\"rich\">\n<h2 class=\"display-4\">Minden ter\u00fcleten rugalmas<br \/>\u00e9s testreszabott megold\u00e1sokat ny\u00fajtunk.<\/h2>\n<h2 class=\"display-6\">Discover new dimensions of efficiency!<\/h2>\n<p class=\"pb-5\">Csatlakozzon hozz\u00e1nk m\u00e9g ma, \u00e9s legyen r\u00e9szese az automatiz\u00e1ci\u00f3 erej\u00e9nek. Fedezze fel, hogyan seg\u00edthet\u00fcnk v\u00e1llalata n\u00f6veked\u00e9s\u00e9ben \u00e9s fejl\u0151d\u00e9s\u00e9ben!<\/p>\n<\/p><\/div>\n<div class=\"lc-block mt-4\" data-aos=\"fade-up\">\n\t\t\t\t<a class=\"btn btn-lg btn-light\" href=\"\/en\/ajanlatkeres\/\" role=\"button\">Please make an offer!<\/a>\n\t\t\t<\/div>\n<\/p><\/div>\n<\/p><\/div>\n<\/section>\n<p><!-- SZOLG\u00c1LTAT\u00c1SOK --><\/p>\n<section>\n<div class=\"container py-5\">\n<div class=\"lc-block text-center\" editable=\"rich\">\n\t\t\t<span class=\"small\">What are we the best at?<\/span><\/p>\n<h2 class=\"display-2\">Szolg\u00e1ltat\u00e1saink<\/h2>\n<\/p><\/div>\n<div class=\"lc-block\">\n<div class=\"row g-4\">\n<div class=\"col-md-8\">\n<div class=\"follow-dir\" style=\"background: url(&#039;https:\/\/e-chain.hu\/wp-content\/uploads\/2026\/02\/muszaki-tamogatas-gyartosor-1024x683.webp&#039;) center\/cover no-repeat; min-height: 280px;\">\n<div class=\"caption-pane\">\n<div class=\"caption-text d-flex h-100 justify-content-center align-items-center text-white display-2\">\n\t\t\t\t\t\t\t\t\t\t<a class=\"text-secondary text-center\" href=\"https:\/\/e-chain.hu\/en\/szolgaltatasok\/berendezesek-ertekesitese\/\"><br \/>\n\t\t\t\t\t\t\t\t\t\t\t<i class=\"bi bi-plus-square\"><\/i><\/p>\n<h2 class=\"text-white\">\n\t\t\t\t\t\t\t\t\t\t\t\tEquipment sales<br \/>\n\t\t\t\t\t\t\t\t\t\t\t<\/h2>\n<p>\t\t\t\t\t\t\t\t\t\t<\/a>\n\t\t\t\t\t\t\t\t\t<\/div>\n<\/p><\/div>\n<div class=\"lc-block title-box position-absolute bottom-0 start-0 bg-light opacity-75\">\n<div class=\"border-start border-5 border-warning px-4 py-1\">\n<h2 class=\"pt-3 pb-2\">\n\t\t\t\t\t\t\t\t\t\t\tEquipment sales<br \/>\n\t\t\t\t\t\t\t\t\t\t<\/h2>\n<\/p><\/div>\n<\/p><\/div>\n<\/p><\/div>\n<\/p><\/div>\n<div class=\"col-md-4\">\n<div class=\"follow-dir\" style=\"background: url(&#039;https:\/\/e-chain.hu\/wp-content\/uploads\/2026\/02\/gyartosor-ipari-bemutato-1024x683.webp&#039;) center\/cover no-repeat; min-height: 280px;\">\n<div class=\"caption-pane\">\n<div class=\"caption-text d-flex h-100 justify-content-center align-items-center text-white display-2\">\n\t\t\t\t\t\t\t\t\t\t<a class=\"text-secondary text-center\" href=\"https:\/\/e-chain.hu\/en\/szolgaltatasok\/kepzes\/\"><br \/>\n\t\t\t\t\t\t\t\t\t\t\t<i class=\"bi bi-plus-square\"><\/i><\/p>\n<h2 class=\"text-white\">\n\t\t\t\t\t\t\t\t\t\t\t\tTraining<br \/>\n\t\t\t\t\t\t\t\t\t\t\t<\/h2>\n<p>\t\t\t\t\t\t\t\t\t\t<\/a>\n\t\t\t\t\t\t\t\t\t<\/div>\n<\/p><\/div>\n<div class=\"lc-block title-box position-absolute bottom-0 start-0 bg-light opacity-75\">\n<div class=\"border-start border-5 border-warning px-4 py-1\">\n<h2 class=\"pt-3 pb-2\">\n\t\t\t\t\t\t\t\t\t\t\tTraining<br \/>\n\t\t\t\t\t\t\t\t\t\t<\/h2>\n<\/p><\/div>\n<\/p><\/div>\n<\/p><\/div>\n<\/p><\/div>\n<div class=\"col-md-4\">\n<div class=\"follow-dir\" style=\"background: url(&#039;https:\/\/e-chain.hu\/wp-content\/uploads\/2026\/02\/ipari-berendezes-szereles-szerviz-1024x683.webp&#039;) center\/cover no-repeat; min-height: 280px;\">\n<div class=\"caption-pane\">\n<div class=\"caption-text d-flex h-100 justify-content-center align-items-center text-white display-2\">\n\t\t\t\t\t\t\t\t\t\t<a class=\"text-secondary text-center\" href=\"https:\/\/e-chain.hu\/en\/szolgaltatasok\/muszaki-tamogatas\/\"><br \/>\n\t\t\t\t\t\t\t\t\t\t\t<i class=\"bi bi-plus-square\"><\/i><\/p>\n<h2 class=\"text-white\">\n\t\t\t\t\t\t\t\t\t\t\t\tTechnical support<br \/>\n\t\t\t\t\t\t\t\t\t\t\t<\/h2>\n<p>\t\t\t\t\t\t\t\t\t\t<\/a>\n\t\t\t\t\t\t\t\t\t<\/div>\n<\/p><\/div>\n<div class=\"lc-block title-box position-absolute bottom-0 start-0 bg-light opacity-75\">\n<div class=\"border-start border-5 border-warning px-4 py-1\">\n<h2 class=\"pt-3 pb-2\">\n\t\t\t\t\t\t\t\t\t\t\tTechnical support<br \/>\n\t\t\t\t\t\t\t\t\t\t<\/h2>\n<\/p><\/div>\n<\/p><\/div>\n<\/p><\/div>\n<\/p><\/div>\n<div class=\"col-md-4\">\n<div class=\"follow-dir\" style=\"background: url(&#039;https:\/\/e-chain.hu\/wp-content\/uploads\/2026\/02\/drill-head-1024x683.webp&#039;) center\/cover no-repeat; min-height: 280px;\">\n<div class=\"caption-pane\">\n<div class=\"caption-text d-flex h-100 justify-content-center align-items-center text-white display-2\">\n\t\t\t\t\t\t\t\t\t\t<a class=\"text-secondary text-center\" href=\"https:\/\/e-chain.hu\/en\/szolgaltatasok\/potalkatresz-ellatas\/\"><br \/>\n\t\t\t\t\t\t\t\t\t\t\t<i class=\"bi bi-plus-square\"><\/i><\/p>\n<h2 class=\"text-white\">\n\t\t\t\t\t\t\t\t\t\t\t\tSpare parts supply<br \/>\n\t\t\t\t\t\t\t\t\t\t\t<\/h2>\n<p>\t\t\t\t\t\t\t\t\t\t<\/a>\n\t\t\t\t\t\t\t\t\t<\/div>\n<\/p><\/div>\n<div class=\"lc-block title-box position-absolute bottom-0 start-0 bg-light opacity-75\">\n<div class=\"border-start border-5 border-warning px-4 py-1\">\n<h2 class=\"pt-3 pb-2\">\n\t\t\t\t\t\t\t\t\t\t\tSpare parts supply<br \/>\n\t\t\t\t\t\t\t\t\t\t<\/h2>\n<\/p><\/div>\n<\/p><\/div>\n<\/p><\/div>\n<\/p><\/div>\n<div class=\"col-md-4\">\n<div class=\"follow-dir\" style=\"background: url(&#039;https:\/\/e-chain.hu\/wp-content\/uploads\/2026\/02\/ipari-gep-ellenorzes-teszteles-1024x683.webp&#039;) center\/cover no-repeat; min-height: 280px;\">\n<div class=\"caption-pane\">\n<div class=\"caption-text d-flex h-100 justify-content-center align-items-center text-white display-2\">\n\t\t\t\t\t\t\t\t\t\t<a class=\"text-secondary text-center\" href=\"https:\/\/e-chain.hu\/en\/szolgaltatasok\/szerviz\/\"><br \/>\n\t\t\t\t\t\t\t\t\t\t\t<i class=\"bi bi-plus-square\"><\/i><\/p>\n<h2 class=\"text-white\">\n\t\t\t\t\t\t\t\t\t\t\t\tService<br \/>\n\t\t\t\t\t\t\t\t\t\t\t<\/h2>\n<p>\t\t\t\t\t\t\t\t\t\t<\/a>\n\t\t\t\t\t\t\t\t\t<\/div>\n<\/p><\/div>\n<div class=\"lc-block title-box position-absolute bottom-0 start-0 bg-light opacity-75\">\n<div class=\"border-start border-5 border-warning px-4 py-1\">\n<h2 class=\"pt-3 pb-2\">\n\t\t\t\t\t\t\t\t\t\t\tService<br \/>\n\t\t\t\t\t\t\t\t\t\t<\/h2>\n<\/p><\/div>\n<\/p><\/div>\n<\/p><\/div>\n<\/p><\/div>\n<\/p><\/div>\n<\/p><\/div>\n<\/p><\/div>\n<\/section>\n<p><!-- PARTNEREK (CPT) --><\/p>\n<section class=\"py-5\">\n<div class=\"container py-6\">\n<div class=\"row mb-5\">\n<div class=\"col-md-12 text-center\">\n<div class=\"lc-block\">\n<div editable=\"rich\">\n<h2>Partner link<\/h2>\n<\/p><\/div>\n<\/p><\/div>\n<\/p><\/div>\n<\/p><\/div>\n<div class=\"partner-slider position-relative\">\n<div class=\"text-center p-3\">\n\t\t\t\t\t\t<img loading=\"lazy\" decoding=\"async\" class=\"img-fluid\" src=\"https:\/\/e-chain.hu\/wp-content\/uploads\/2025\/02\/coatflow.webp\" alt=\"coatflow\" width=\"300\" height=\"300\" \/>\n\t\t\t\t\t<\/div>\n<div class=\"text-center p-3\">\n\t\t\t\t\t\t<img loading=\"lazy\" decoding=\"async\" class=\"img-fluid\" src=\"https:\/\/e-chain.hu\/wp-content\/uploads\/2025\/02\/inowaxe.webp\" alt=\"inowaxe\" width=\"300\" height=\"300\" \/>\n\t\t\t\t\t<\/div>\n<div class=\"text-center p-3\">\n\t\t\t\t\t\t<img loading=\"lazy\" decoding=\"async\" class=\"img-fluid\" src=\"https:\/\/e-chain.hu\/wp-content\/uploads\/2025\/02\/ipte.webp\" alt=\"ipte\" width=\"300\" height=\"300\" \/>\n\t\t\t\t\t<\/div>\n<div class=\"text-center p-3\">\n\t\t\t\t\t\t<img loading=\"lazy\" decoding=\"async\" class=\"img-fluid\" src=\"https:\/\/e-chain.hu\/wp-content\/uploads\/2025\/02\/kic.webp\" alt=\"kic\" width=\"300\" height=\"300\" \/>\n\t\t\t\t\t<\/div>\n<div class=\"text-center p-3\">\n\t\t\t\t\t\t<img loading=\"lazy\" decoding=\"async\" class=\"img-fluid\" src=\"https:\/\/e-chain.hu\/wp-content\/uploads\/2025\/02\/panasonic.webp\" alt=\"panasonic\" width=\"300\" height=\"300\" \/>\n\t\t\t\t\t<\/div>\n<div class=\"text-center p-3\">\n\t\t\t\t\t\t<img loading=\"lazy\" decoding=\"async\" class=\"img-fluid\" src=\"https:\/\/e-chain.hu\/wp-content\/uploads\/2025\/02\/rtwork.webp\" alt=\"rtwork\" width=\"300\" height=\"300\" \/>\n\t\t\t\t\t<\/div>\n<div class=\"text-center p-3\">\n\t\t\t\t\t\t<img loading=\"lazy\" decoding=\"async\" class=\"img-fluid\" src=\"https:\/\/e-chain.hu\/wp-content\/uploads\/2025\/02\/smt.webp\" alt=\"smt\" width=\"300\" height=\"300\" \/>\n\t\t\t\t\t<\/div>\n<div class=\"text-center p-3\">\n\t\t\t\t\t\t<img loading=\"lazy\" decoding=\"async\" class=\"img-fluid\" src=\"https:\/\/e-chain.hu\/wp-content\/uploads\/2025\/02\/telsonic.webp\" alt=\"telsonic\" width=\"300\" height=\"300\" \/>\n\t\t\t\t\t<\/div>\n<div class=\"text-center p-3\">\n\t\t\t\t\t\t<img loading=\"lazy\" decoding=\"async\" class=\"img-fluid\" src=\"https:\/\/e-chain.hu\/wp-content\/uploads\/2025\/02\/tri.webp\" alt=\"tri\" width=\"300\" height=\"300\" \/>\n\t\t\t\t\t<\/div>\n<div class=\"text-center p-3\">\n\t\t\t\t\t\t<img loading=\"lazy\" decoding=\"async\" class=\"img-fluid\" src=\"https:\/\/e-chain.hu\/wp-content\/uploads\/2025\/02\/unicomp.webp\" alt=\"unicomp\" width=\"300\" height=\"300\" \/>\n\t\t\t\t\t<\/div>\n<\/p><\/div>\n<\/p><\/div>\n<\/section>\n<p><!-- MI\u00c9RT MI? --><\/p>\n<section>\n<div class=\"container py-6 bg-dark bg-opacity-10\">\n<div class=\"row flex-md-row-reverse align-items-center\">\n<div class=\"col-md-6 py-5\">\n<div class=\"lc-block mb-4\">\n<div editable=\"rich\">\n<h2 class=\"fw-bold display-5\">What are we the best at?<\/h2>\n<\/p><\/div>\n<\/p><\/div>\n<div class=\"lc-block mb-5\">\n<div editable=\"rich\">\n<p class=\"lead text-muted\">C\u00e9g\u00fcnk, az elektronikai panelgy\u00e1rt\u00e1shoz sz\u00fcks\u00e9ges technol\u00f3giai berendez\u00e9sek forgalmaz\u00e1sa mellett, k\u00edn\u00e1l ipari automatiz\u00e1l\u00e1si megold\u00e1sokat \u00e9s ultrahangos berendez\u00e9seket, m\u0171anyag \u00e9s f\u00e9m alkatr\u00e9szek \u00f6sszehegeszt\u00e9s\u00e9re.<\/p>\n<\/p><\/div>\n<\/p><\/div>\n<div class=\"lc-block d-sm-flex align-items-center mb-4\" data-aos=\"fade-left\">\n\t\t\t\t\t<svg width=\"1.5em\" height=\"1.5em\" fill=\"currentColor\" class=\"text-primary\">\n\t\t\t\t\t\t<path d=\"M16 8A8 8 0 1 1 0 8a8 8 0 0 1 16 0z\"><\/path>\n\t\t\t\t\t\t<path d=\"M10.97 4.97a.75.75 0 1 1 1.06 1.06l-3.99 4.99a.75.75 0 0 1-1.08.02L4.32 8.38a.75.75 0 1 1 1.06-1.06l2.09 2.09 3.47-4.42z\"><\/path>\n\t\t\t\t\t<\/svg><\/p>\n<p class=\"ms-3 align-self-center\">Industrial automation and integration<\/p>\n<\/p><\/div>\n<div class=\"lc-block d-sm-flex align-items-center mb-4\" data-aos=\"fade-left\" data-aos-delay=\"300\">\n\t\t\t\t\t<svg width=\"1.5em\" height=\"1.5em\" fill=\"currentColor\" class=\"text-primary\">\n\t\t\t\t\t\t<path d=\"M16 8A8 8 0 1 1 0 8a8 8 0 0 1 16 0z\"><\/path>\n\t\t\t\t\t\t<path d=\"M10.97 4.97a.75.75 0 1 1 1.06 1.06l-3.99 4.99a.75.75 0 0 1-1.08.02L4.32 8.38a.75.75 0 1 1 1.06-1.06l2.09 2.09 3.47-4.42z\"><\/path>\n\t\t\t\t\t<\/svg><\/p>\n<p class=\"ms-3 align-self-center\">Technological advice and support<\/p>\n<\/p><\/div>\n<div class=\"lc-block d-sm-flex align-items-center mb-4\" data-aos=\"fade-left\" data-aos-delay=\"600\">\n\t\t\t\t\t<svg width=\"1.5em\" height=\"1.5em\" fill=\"currentColor\" class=\"text-primary\">\n\t\t\t\t\t\t<path d=\"M16 8A8 8 0 1 1 0 8a8 8 0 0 1 16 0z\"><\/path>\n\t\t\t\t\t\t<path d=\"M10.97 4.97a.75.75 0 1 1 1.06 1.06l-3.99 4.99a.75.75 0 0 1-1.08.02L4.32 8.38a.75.75 0 1 1 1.06-1.06l2.09 2.09 3.47-4.42z\"><\/path>\n\t\t\t\t\t<\/svg><\/p>\n<p class=\"ms-3 align-self-center\">Service and engineering advice<\/p>\n<\/p><\/div>\n<\/p><\/div>\n<div class=\"mt-4 mt-md-0 col-md-6\">\n<div class=\"lc-block px-4\" data-aos=\"fade-right\">\n\t\t\t\t\t<img loading=\"lazy\" decoding=\"async\" class=\"position-relative img-fluid\" src=\"https:\/\/images.unsplash.com\/photo-1477959858617-67f85cf4f1df?crop=entropy&amp;cs=tinysrgb&amp;fit=crop&amp;fm=webp&amp;ixid=M3wzNzg0fDB8MXxzZWFyY2h8Mjd8fGNvb3BlcmF0aW9ufGVufDB8MHx8fDE3MDgxNjI5NjB8MA&amp;ixlib=rb-4.0.3&amp;q=80&amp;w=1080&amp;h=768\" width=\"1080\" height=\"768\" alt=\"Photo by Pedro Lastra\">\n\t\t\t\t<\/div>\n<\/p><\/div>\n<\/p><\/div>\n<\/p><\/div>\n<\/section>\n<p><!-- EREDM\u00c9NYEK SZ\u00c1MOKBAN --><\/p>\n<section>\n<div class=\"container py-5\">\n<div class=\"row mb-2\">\n<div class=\"col-md-12 text-center\">\n<div class=\"lc-block\">\n<h2 class=\"display-2 mb-0\" editable=\"inline\"><b>Our results in numbers<\/b><\/h2>\n<p editable=\"inline\">V\u00e1llalkoz\u00e1sunk automatiz\u00e1ci\u00f3s megold\u00e1saink r\u00e9v\u00e9n szignifik\u00e1ns hat\u00e9konys\u00e1gn\u00f6veked\u00e9st \u00e9rt el \u00fcgyfeleinkn\u00e9l.<br \/>Learn how we turn numbers into real success!<\/p>\n<\/p><\/div>\n<\/p><\/div>\n<\/p><\/div>\n<div class=\"row counters text-center\">\n<div class=\"col-lg-3 col-6\">\n<div class=\"odometer-text display-4 text-primary fw-bolder\">15+<\/div>\n<div editable=\"rich\">\u00e9v tapasztalat<\/div>\n<\/p><\/div>\n<div class=\"col-lg-3 col-6\">\n<div class=\"odometer-text display-4 text-primary fw-bolder\">100+<\/div>\n<div editable=\"rich\">telep\u00edtett berendez\u00e9s<\/div>\n<\/p><\/div>\n<div class=\"col-lg-3 col-6\">\n<div class=\"odometer-text display-4 text-primary fw-bolder\">ISO 9001<\/div>\n<div editable=\"rich\">Certification<\/div>\n<\/p><\/div>\n<div class=\"col-lg-3 col-6\">\n<div class=\"odometer-text display-4 text-primary fw-bolder\">12+<\/div>\n<div editable=\"rich\">nemzetk\u00f6zi gy\u00e1rt\u00f3 k\u00e9pviselete<\/div>\n<\/p><\/div>\n<\/p><\/div>\n<\/p><\/div>\n<\/section>\n<p><!-- CTA: AJ\u00c1NLATK\u00c9R\u00c9S --><\/p>\n<section>\n<div class=\"bg-primary d-flex text-center\" lc-helper=\"background\" style=\"min-height: 20vh; background-attachment: fixed; background-size:cover; background-position: center center;background-color:#eee;\">\n<div class=\"my-3 align-self-center w-100 py-5 text-light\">\n<div class=\"lc-block\" editable=\"rich\">\n<h2 class=\"display-4\">Wondering how we can help<br \/>in automation for your business?<\/h2>\n<p class=\"pb-5\">K\u00e9rjen ingyenes \u00e1raj\u00e1nlatot \u00e9s szak\u00e9rt\u0151i konzult\u00e1ci\u00f3t t\u0151l\u00fcnk m\u00e9g ma! Tegy\u00fck egy\u00fctt a siker \u00fatj\u00e1t, l\u00e9pjen kapcsolatba vel\u00fcnk most!<\/p>\n<\/p><\/div>\n<div class=\"lc-block\" data-aos=\"fade-up\">\n\t\t\t\t<a class=\"btn btn-lg btn-light\" href=\"\/en\/ajanlatkeres\/\" role=\"button\">Please make an offer!<\/a>\n\t\t\t<\/div>\n<\/p><\/div>\n<\/p><\/div>\n<\/section>\n<p><!-- EL\u00c9RHET\u0150S\u00c9G --><\/p>\n<section>\n<div class=\"container-fluid bg-dark g-0\">\n<div class=\"row g-0 align-items-center\">\n<div class=\"col-lg-6 d-flex justify-content-center\">\n<div class=\"col-12 col-lg-8 p-4 text-white\">\n<h2 class=\"fw-bolder text-primary\" editable=\"inline\">Opening hours<\/h2>\n<p editable=\"inline\" class=\"\">H\u00e9tf\u0151t\u0151l P\u00e9ntekig: 08:00 \u2013 17:30<br \/>Saturday and Sunday: closed<\/p>\n<h2 class=\"fw-bolder text-primary\" editable=\"inline\">Our address is<\/h2>\n<p editable=\"inline\">P\u00e9cel, Hat\u00e1r u. 3, H-2119<\/p>\n<h2 class=\"fw-bolder text-primary\" editable=\"inline\">Phone number<\/h2>\n<p editable=\"inline\">Phone: +36 (28) 789054<br \/>Mobile: +36 (30) 7386006<\/p>\n<\/p><\/div>\n<\/p><\/div>\n<div class=\"col-lg-6\">\n<div class=\"lc-block\">\n<div class=\"ratio ratio-16x9\" lc-helper=\"gmap-embed\">\n\t\t\t\t\t\t<iframe src=\"https:\/\/maps.google.com\/maps?q=Magyarorsz%C3%A1g%2C%20P%C3%A9cel%2C%20Hat%C3%A1r%20u.%203%2C%202119&amp;t=m&amp;z=15&amp;output=embed&amp;iwloc=near\"><\/iframe>\n\t\t\t\t\t<\/div>\n<\/p><\/div>\n<\/p><\/div>\n<\/p><\/div>\n<\/p><\/div>\n<\/section>\n<p><!-- 10. H\u00edrlev\u00e9l feliratkoz\u00e1s --><\/p>\n<section class=\"py-5\">\n<div class=\"container text-center py-6\">\n<div class=\"row\">\n<div class=\"col-md-10 col-lg-8 col-xl-6 mx-auto\">\n<div class=\"lc-block mb-3\" editable=\"rich\">\n<h1>Join us now!<\/h1>\n<\/p><\/div>\n<div class=\"lc-block mb-5\" editable=\"rich\">\n<p class=\"lead\">Ne maradjon le az automatiz\u00e1l\u00e1s leg\u00fajabb fejleszt\u00e9seir\u0151l \u00e9s trendjeir\u0151l! Iratkozzon fel h\u00edrlevel\u00fcnkre, \u00e9s legyen az els\u0151k k\u00f6z\u00f6tt, akik \u00e9rtes\u00fclnek friss inform\u00e1ci\u00f3inkr\u00f3l \u00e9s k\u00fcl\u00f6nleges aj\u00e1nlatainkr\u00f3l.<\/p>\n<\/p><\/div>\n<div class=\"lc-block\">\n\t\t\t\t\t<a class=\"btn btn-lg btn-primary subscribe\" href=\"#\" role=\"button\">I subscribe!<\/a>\n\t\t\t\t<\/div>\n<\/p><\/div>\n<\/p><\/div>\n<\/p><\/div>\n<\/section>","protected":false},"excerpt":{"rendered":"<p>Innovat\u00edv gy\u00e1rt\u00e1si megold\u00e1sok H\u0151profiloz\u00f3 rendszereinkt\u0151l a teljes automatiz\u00e1lt \u00f6sszeszerel\u0151vonalakig \u2013 partnereinkkel egy\u00fctt maximaliz\u00e1ljuk a hat\u00e9konys\u00e1got \u00e9s a min\u0151s\u00e9get. Tov\u00e1bb olvasom Prec\u00edz hibafelismer\u00e9s \u2013 bel\u00fclr\u0151l is Automatikus X-ray rendszereinkkel a legkisebb rejtett hib\u00e1t is azonnal \u00e9szlelj\u00fck, minimaliz\u00e1lva a gy\u00e1rt\u00e1si selejtet \u00e9s a garanci\u00e1lis probl\u00e9m\u00e1kat. Tov\u00e1bb olvasom El\u0151z\u0151 K\u00f6vetkez\u0151 Minden ter\u00fcleten rugalmas\u00e9s testreszabott megold\u00e1sokat ny\u00fajtunk. Fedezze fel [&hellip;]<\/p>\n","protected":false},"author":1,"featured_media":0,"parent":0,"menu_order":0,"comment_status":"closed","ping_status":"closed","template":"","meta":{"_seopress_robots_primary_cat":"","_seopress_titles_title":"","_seopress_titles_desc":"","_seopress_robots_index":"","footnotes":""},"class_list":["post-792","page","type-page","status-publish","hentry"],"_links":{"self":[{"href":"https:\/\/e-chain.hu\/en\/wp-json\/wp\/v2\/pages\/792","targetHints":{"allow":["GET"]}}],"collection":[{"href":"https:\/\/e-chain.hu\/en\/wp-json\/wp\/v2\/pages"}],"about":[{"href":"https:\/\/e-chain.hu\/en\/wp-json\/wp\/v2\/types\/page"}],"author":[{"embeddable":true,"href":"https:\/\/e-chain.hu\/en\/wp-json\/wp\/v2\/users\/1"}],"replies":[{"embeddable":true,"href":"https:\/\/e-chain.hu\/en\/wp-json\/wp\/v2\/comments?post=792"}],"version-history":[{"count":133,"href":"https:\/\/e-chain.hu\/en\/wp-json\/wp\/v2\/pages\/792\/revisions"}],"predecessor-version":[{"id":1074,"href":"https:\/\/e-chain.hu\/en\/wp-json\/wp\/v2\/pages\/792\/revisions\/1074"}],"wp:attachment":[{"href":"https:\/\/e-chain.hu\/en\/wp-json\/wp\/v2\/media?parent=792"}],"curies":[{"name":"wp","href":"https:\/\/api.w.org\/{rel}","templated":true}]}}