{"id":449,"date":"2025-03-06T17:19:51","date_gmt":"2025-03-06T16:19:51","guid":{"rendered":"https:\/\/dev.sysvol.hu\/echain\/?page_id=449"},"modified":"2026-03-05T14:37:54","modified_gmt":"2026-03-05T13:37:54","slug":"berendezesek-ertekesitese","status":"publish","type":"page","link":"https:\/\/e-chain.hu\/en\/szolgaltatasok\/berendezesek-ertekesitese\/","title":{"rendered":"Equipment sales"},"content":{"rendered":"<section>\n<div class=\"container\">\n<div class=\"row\">\n<div class=\"col-md-3 d-sm-none d-md-block small\">\n<div class=\"lc-block small\">\n<h3 class=\"heading dash\">Services<\/h3>\n<ul class=\"list-grid\">\n<li>\n\t\t\t\t\t\t\t\t\t<a href=\"https:\/\/e-chain.hu\/en\/szolgaltatasok\/potalkatresz-ellatas\/\"><br \/>\n\t\t\t\t\t\t\t\t\t\tSpare parts supply<br \/>\n\t\t\t\t\t\t\t\t\t<\/a>\n\t\t\t\t\t\t\t\t<\/li>\n<li>\n\t\t\t\t\t\t\t\t\t<a href=\"https:\/\/e-chain.hu\/en\/szolgaltatasok\/muszaki-tamogatas\/\"><br \/>\n\t\t\t\t\t\t\t\t\t\tTechnical support<br \/>\n\t\t\t\t\t\t\t\t\t<\/a>\n\t\t\t\t\t\t\t\t<\/li>\n<li>\n\t\t\t\t\t\t\t\t\t<a href=\"https:\/\/e-chain.hu\/en\/szolgaltatasok\/kepzes\/\"><br \/>\n\t\t\t\t\t\t\t\t\t\tTraining<br \/>\n\t\t\t\t\t\t\t\t\t<\/a>\n\t\t\t\t\t\t\t\t<\/li>\n<li>\n\t\t\t\t\t\t\t\t\t<a href=\"https:\/\/e-chain.hu\/en\/szolgaltatasok\/szerviz\/\"><br \/>\n\t\t\t\t\t\t\t\t\t\tService<br \/>\n\t\t\t\t\t\t\t\t\t<\/a>\n\t\t\t\t\t\t\t\t<\/li>\n<li>\n\t\t\t\t\t\t\t\t\t<a href=\"https:\/\/e-chain.hu\/en\/szolgaltatasok\/berendezesek-ertekesitese\/\"><br \/>\n\t\t\t\t\t\t\t\t\t\tEquipment sales<br \/>\n\t\t\t\t\t\t\t\t\t<\/a>\n\t\t\t\t\t\t\t\t<\/li>\n<\/ul><\/div>\n<div class=\"lc-block py-5 small\">\n<div editable=\"rich\">\n<h3 class=\"heading dash\"><\/h3>\n<p><\/p>\n<p><\/p>\n<h5>L\u00e9pjen vel\u00fcnk kapcsolatba!<\/h5>\n<p><\/p>\n<h5>+36 (30) 738 6006&nbsp;<\/h5>\n<p><\/p>\n<p class=\"text-primary fw-bolder\"><\/p>\n<p><\/p>\n<p><\/p>\n<\/p><\/div>\n<\/p><\/div>\n<\/p><\/div>\n<div class=\"col-md-9\">\n<div class=\"row\">\n<div class=\"col-md-6\">\n<div class=\"lc-block\">\n<div editable=\"rich\">\n<h2>Megb\u00edzhat\u00f3 ipari megold\u00e1sok az \u00d6n v\u00e1llalkoz\u00e1s\u00e1nak<\/h2>\n<p>Pr\u00e9mium min\u0151s\u00e9g, innov\u00e1ci\u00f3 \u00e9s szak\u00e9rtelem egy helyen <\/p>\n<p>Az ipari automatiz\u00e1l\u00e1s \u00e9s gy\u00e1rt\u00e1stechnol\u00f3gia vil\u00e1g\u00e1ban a megfelel\u0151 berendez\u00e9sek kiv\u00e1laszt\u00e1sa kulcsfontoss\u00e1g\u00fa a hat\u00e9konys\u00e1g \u00e9s a versenyk\u00e9pess\u00e9g szempontj\u00e1b\u00f3l. Az E-chain Kft. c\u00e9lja, hogy \u00fcgyfeleink sz\u00e1m\u00e1ra megb\u00edzhat\u00f3, modern \u00e9s hossz\u00fa t\u00e1von is fenntarthat\u00f3 ipari megold\u00e1sokat k\u00edn\u00e1ljunk. Sz\u00e9les term\u00e9kk\u00edn\u00e1latunkkal \u00e9s szak\u00e9rt\u0151i t\u00e1mogat\u00e1sunkkal biztos\u00edtjuk, hogy \u00d6n a legmegfelel\u0151bb berendez\u00e9seket v\u00e1laszthassa v\u00e1llalkoz\u00e1sa sz\u00e1m\u00e1ra.<\/p>\n<\/p><\/div>\n<\/p><\/div>\n<div class=\"lc-block py-3\">\n<div editable=\"rich\">\n<h3>Sz\u00e9les term\u00e9kk\u00edn\u00e1lat, maxim\u00e1lis teljes\u00edtm\u00e9ny <\/h3>\n<p><\/p>\n<p>\u2714 Cs\u00facstechnol\u00f3gi\u00e1s ipari berendez\u00e9sek \u2013 Vezet\u0151 gy\u00e1rt\u00f3k pr\u00e9mium min\u0151s\u00e9g\u0171 eszk\u00f6zei a maxim\u00e1lis hat\u00e9konys\u00e1g \u00e9rdek\u00e9ben. <\/p>\n<p>\u2714 Automatiz\u00e1lt rendszerek \u00e9s megold\u00e1sok \u2013 Korszer\u0171 technol\u00f3gi\u00e1k a termel\u00e9s optimaliz\u00e1l\u00e1s\u00e1ra \u00e9s a gy\u00e1rt\u00e1si folyamatok fejleszt\u00e9s\u00e9re. <\/p>\n<p>\u2714 Testreszabott megold\u00e1sok \u2013 Seg\u00edt\u00fcnk az \u00d6n ig\u00e9nyeire szabott berendez\u00e9sek kiv\u00e1laszt\u00e1s\u00e1ban \u00e9s konfigur\u00e1l\u00e1s\u00e1ban. <\/p>\n<p>\u2714 Kieg\u00e9sz\u00edt\u0151 eszk\u00f6z\u00f6k \u00e9s tartoz\u00e9kok \u2013 Minden sz\u00fcks\u00e9ges alkatr\u00e9sz \u00e9s perif\u00e9ria egy helyen. <\/p>\n<\/p>\n<p>\u2714 Fenntarthat\u00f3 \u00e9s energiatakar\u00e9kos megold\u00e1sok \u2013 Olyan berendez\u00e9seket k\u00edn\u00e1lunk, amelyek nemcsak hat\u00e9konyak, hanem cs\u00f6kkentik az energiafelhaszn\u00e1l\u00e1st \u00e9s az \u00fczemeltet\u00e9si k\u00f6lts\u00e9geket is. <\/p>\n<\/p><\/div>\n<\/p><\/div>\n<\/p><\/div>\n<div class=\"col-md-6\">\n<div class=\"lc-block\">\n\t\t\t\t\t\t\t<img alt=\"\" loading=\"lazy\" decoding=\"async\" class=\"img-fluid wp-image-1067\" src=\"https:\/\/e-chain.hu\/wp-content\/uploads\/2026\/03\/ertekesites2-scaled.jpg\" width=\"1920\" height=\"1280\" srcset=\"https:\/\/e-chain.hu\/wp-content\/uploads\/2026\/03\/ertekesites2-scaled.jpg 1920w, https:\/\/e-chain.hu\/wp-content\/uploads\/2026\/03\/ertekesites2-300x200.jpg 300w, https:\/\/e-chain.hu\/wp-content\/uploads\/2026\/03\/ertekesites2-1024x683.jpg 1024w, https:\/\/e-chain.hu\/wp-content\/uploads\/2026\/03\/ertekesites2-768x512.jpg 768w, https:\/\/e-chain.hu\/wp-content\/uploads\/2026\/03\/ertekesites2-1536x1024.jpg 1536w, https:\/\/e-chain.hu\/wp-content\/uploads\/2026\/03\/ertekesites2-2048x1365.jpg 2048w, https:\/\/e-chain.hu\/wp-content\/uploads\/2026\/03\/ertekesites2-18x12.jpg 18w, https:\/\/e-chain.hu\/wp-content\/uploads\/2026\/03\/ertekesites2-1320x880.jpg 1320w\" sizes=\"auto, (max-width: 1920px) 100vw, 1920px\">\n\t\t\t\t\t\t<\/div>\n<div class=\"lc-block py-3\">\n<div editable=\"rich\">\n<h3>Why choose the service of E-Chain Ltd? <\/h3>\n<p>\u2714&nbsp;Piacvezet\u0151 ipari megold\u00e1sok \u2013 Kiz\u00e1r\u00f3lag megb\u00edzhat\u00f3, bev\u00e1lt gy\u00e1rt\u00f3k term\u00e9keit forgalmazzuk.<\/p>\n<p>\u2714 Szak\u00e9rt\u0151i tan\u00e1csad\u00e1s \u2013 Munkat\u00e1rsaink seg\u00edtenek kiv\u00e1lasztani az \u00d6n ig\u00e9nyeinek legink\u00e1bb megfelel\u0151 berendez\u00e9seket. <\/p>\n<p>\u2714 Gyors sz\u00e1ll\u00edt\u00e1s \u00e9s \u00fczembe helyez\u00e9s \u2013 Biztos\u00edtjuk a gyors \u00e9s z\u00f6kken\u0151mentes beszerz\u00e9st, hogy \u00d6n miel\u0151bb haszn\u00e1latba vehesse az \u00faj eszk\u00f6z\u00f6ket. <\/p>\n<p>\u2714 Teljes k\u00f6r\u0171 m\u0171szaki t\u00e1mogat\u00e1s \u2013 Nemcsak eladjuk a berendez\u00e9seket, hanem hossz\u00fa t\u00e1v\u00fa szervizt \u00e9s karbantart\u00e1st is biztos\u00edtunk. <\/p>\n<p>\u2714 J\u00f6v\u0151biztos technol\u00f3gi\u00e1k \u2013 Berendez\u00e9seinkkel v\u00e1llalkoz\u00e1sa l\u00e9p\u00e9st tarthat az ipari innov\u00e1ci\u00f3kkal.<\/p>\n<\/p><\/div>\n<\/p><\/div>\n<\/p><\/div>\n<\/p><\/div>\n<div class=\"lc-block py-3\">\n<div editable=\"rich\">\n<h3>Why choose the service of E-Chain Ltd? <\/h3>\n<p>Legyen sz\u00f3 \u00faj beruh\u00e1z\u00e1sr\u00f3l vagy megl\u00e9v\u0151 rendszere b\u0151v\u00edt\u00e9s\u00e9r\u0151l, az E-Chain Kft. szak\u00e9rt\u0151 csapata seg\u00edt \u00d6nnek a legjobb d\u00f6nt\u00e9s meghozatal\u00e1ban. Vegye fel vel\u00fcnk a kapcsolatot, \u00e9s biztos\u00edtsa v\u00e1llalkoz\u00e1sa sz\u00e1m\u00e1ra a legmodernebb ipari technol\u00f3gi\u00e1t!<\/p>\n<p>\ud83d\udcde H\u00edvjon minket m\u00e9g ma!<\/p>\n<\/p><\/div>\n<\/p><\/div>\n<div class=\"row py-5 border-bottom border-top\">\n<div class=\"col-md-6\"><\/div>\n<div class=\"col-md-6\"><\/div>\n<\/p><\/div>\n<\/p><\/div>\n<\/p><\/div>\n<\/p><\/div>\n<\/section>","protected":false},"excerpt":{"rendered":"<p>Innov\u00e1ci\u00f3, megb\u00edzhat\u00f3s\u00e1g \u00e9s szak\u00e9rtelem \u2013 ipari megold\u00e1sok, amelyek val\u00f3ban m\u0171k\u00f6dnek az \u00d6n v\u00e1llalkoz\u00e1s\u00e1ban.<\/p>","protected":false},"author":1,"featured_media":1035,"parent":243,"menu_order":0,"comment_status":"closed","ping_status":"closed","template":"","meta":{"_seopress_robots_primary_cat":"","_seopress_titles_title":"","_seopress_titles_desc":"","_seopress_robots_index":"","footnotes":""},"class_list":["post-449","page","type-page","status-publish","has-post-thumbnail","hentry"],"_links":{"self":[{"href":"https:\/\/e-chain.hu\/en\/wp-json\/wp\/v2\/pages\/449","targetHints":{"allow":["GET"]}}],"collection":[{"href":"https:\/\/e-chain.hu\/en\/wp-json\/wp\/v2\/pages"}],"about":[{"href":"https:\/\/e-chain.hu\/en\/wp-json\/wp\/v2\/types\/page"}],"author":[{"embeddable":true,"href":"https:\/\/e-chain.hu\/en\/wp-json\/wp\/v2\/users\/1"}],"replies":[{"embeddable":true,"href":"https:\/\/e-chain.hu\/en\/wp-json\/wp\/v2\/comments?post=449"}],"version-history":[{"count":8,"href":"https:\/\/e-chain.hu\/en\/wp-json\/wp\/v2\/pages\/449\/revisions"}],"predecessor-version":[{"id":1068,"href":"https:\/\/e-chain.hu\/en\/wp-json\/wp\/v2\/pages\/449\/revisions\/1068"}],"up":[{"embeddable":true,"href":"https:\/\/e-chain.hu\/en\/wp-json\/wp\/v2\/pages\/243"}],"wp:featuredmedia":[{"embeddable":true,"href":"https:\/\/e-chain.hu\/en\/wp-json\/wp\/v2\/media\/1035"}],"wp:attachment":[{"href":"https:\/\/e-chain.hu\/en\/wp-json\/wp\/v2\/media?parent=449"}],"curies":[{"name":"wp","href":"https:\/\/api.w.org\/{rel}","templated":true}]}}