{"id":441,"date":"2025-03-06T17:13:44","date_gmt":"2025-03-06T16:13:44","guid":{"rendered":"https:\/\/dev.sysvol.hu\/echain\/?page_id=441"},"modified":"2026-03-05T15:43:21","modified_gmt":"2026-03-05T14:43:21","slug":"kepzes","status":"publish","type":"page","link":"https:\/\/e-chain.hu\/en\/szolgaltatasok\/kepzes\/","title":{"rendered":"Training"},"content":{"rendered":"<section>\n<div class=\"container\">\n<div class=\"row\">\n<div class=\"col-md-3 d-sm-none d-md-block small\">\n<div class=\"lc-block small\">\n<h3 class=\"heading dash\">Services<\/h3>\n<ul class=\"list-grid\">\n<li>\n\t\t\t\t\t\t\t\t\t<a href=\"https:\/\/e-chain.hu\/en\/szolgaltatasok\/potalkatresz-ellatas\/\"><br \/>\n\t\t\t\t\t\t\t\t\t\tSpare parts supply<br \/>\n\t\t\t\t\t\t\t\t\t<\/a>\n\t\t\t\t\t\t\t\t<\/li>\n<li>\n\t\t\t\t\t\t\t\t\t<a href=\"https:\/\/e-chain.hu\/en\/szolgaltatasok\/muszaki-tamogatas\/\"><br \/>\n\t\t\t\t\t\t\t\t\t\tTechnical support<br \/>\n\t\t\t\t\t\t\t\t\t<\/a>\n\t\t\t\t\t\t\t\t<\/li>\n<li>\n\t\t\t\t\t\t\t\t\t<a href=\"https:\/\/e-chain.hu\/en\/szolgaltatasok\/kepzes\/\"><br \/>\n\t\t\t\t\t\t\t\t\t\tTraining<br \/>\n\t\t\t\t\t\t\t\t\t<\/a>\n\t\t\t\t\t\t\t\t<\/li>\n<li>\n\t\t\t\t\t\t\t\t\t<a href=\"https:\/\/e-chain.hu\/en\/szolgaltatasok\/szerviz\/\"><br \/>\n\t\t\t\t\t\t\t\t\t\tService<br \/>\n\t\t\t\t\t\t\t\t\t<\/a>\n\t\t\t\t\t\t\t\t<\/li>\n<li>\n\t\t\t\t\t\t\t\t\t<a href=\"https:\/\/e-chain.hu\/en\/szolgaltatasok\/berendezesek-ertekesitese\/\"><br \/>\n\t\t\t\t\t\t\t\t\t\tEquipment sales<br \/>\n\t\t\t\t\t\t\t\t\t<\/a>\n\t\t\t\t\t\t\t\t<\/li>\n<\/ul><\/div>\n<div class=\"lc-block py-5 small\">\n<div editable=\"rich\">\n<h5><\/h5>\n<h4>Vegye fel vel\u00fcnk a kapcsolatot!<\/h4>\n<p><\/p>\n<h6>+36 (30) 738 6006<\/h6>\n<\/p><\/div>\n<\/p><\/div>\n<\/p><\/div>\n<div class=\"col-md-9\">\n<div class=\"row\">\n<div class=\"col-md-6\">\n<div class=\"lc-block\">\n<div editable=\"rich\">\n<h2>Szak\u00e9rtelem a hat\u00e9kony m\u0171k\u00f6d\u00e9s\u00e9rt<\/h2>\n<p>A modern gy\u00e1rt\u00f3berendez\u00e9sek \u00e9s ipari eszk\u00f6z\u00f6k maxim\u00e1lis kihaszn\u00e1l\u00e1s\u00e1hoz szak\u00e9rt\u0151i ismeretek sz\u00fcks\u00e9gesek. Az E-Chain Kft. k\u00e9pz\u00e9si programjai biztos\u00edtj\u00e1k, hogy csapata naprak\u00e9sz tud\u00e1ssal rendelkezzen az \u00e1ltalunk forgalmazott \u00e9s szervizelt eszk\u00f6z\u00f6k kezel\u00e9s\u00e9ben, karbantart\u00e1s\u00e1ban \u00e9s hibaelh\u00e1r\u00edt\u00e1s\u00e1ban.&nbsp;<\/p>\n<\/p><\/div>\n<\/p><\/div>\n<div class=\"lc-block py-3\">\n<div editable=\"rich\">\n<h3>Mit k\u00edn\u00e1lunk? <\/h3>\n<p><\/p>\n<p>\u2714 Szem\u00e9lyre szabott tematik\u00e1k \u2013 A k\u00e9pz\u00e9si anyagot az \u00d6n ig\u00e9nyeihez igaz\u00edtjuk, hogy a legfontosabb k\u00e9szs\u00e9geket \u00e9s tud\u00e1st fejleszthess\u00fck. <\/p>\n<p>\u2714 Helysz\u00edni \u00e9s online oktat\u00e1s \u2013 Ak\u00e1r az \u00d6n telephely\u00e9n, ak\u00e1r t\u00e1voli el\u00e9r\u00e9ssel biztos\u00edtunk hat\u00e9kony tanfolyamokat. <\/p>\n<p>\u2714 Berendez\u00e9s-specifikus tr\u00e9ningek \u2013 Az \u00e1ltalunk forgalmazott eszk\u00f6z\u00f6k legjobb kihaszn\u00e1l\u00e1s\u00e1hoz c\u00e9lzott k\u00e9pz\u00e9seket biztos\u00edtunk. <\/p>\n<p>\u2714 Kezel\u0151i \u00e9s karbantart\u00f3i k\u00e9pz\u00e9sek \u2013 Az oper\u00e1torok \u00e9s m\u0171szaki szakemberek sz\u00e1m\u00e1ra k\u00fcl\u00f6n modulokat dolgoztunk ki, hogy mindenki a saj\u00e1t ter\u00fclet\u00e9n szerezzen relev\u00e1ns ismereteket. <\/p>\n<\/p><\/div>\n<\/p><\/div>\n<\/p><\/div>\n<div class=\"col-md-6\">\n<div class=\"lc-block\">\n\t\t\t\t\t\t\t<img alt=\"\" loading=\"lazy\" decoding=\"async\" class=\"img-fluid wp-image-554\" src=\"https:\/\/e-chain.hu\/wp-content\/uploads\/2025\/03\/cba8e855-f110-4cf3-9ae4-e97a7af9b867.jpg\" width=\"1024\" height=\"1024\" srcset=\"https:\/\/e-chain.hu\/wp-content\/uploads\/2025\/03\/cba8e855-f110-4cf3-9ae4-e97a7af9b867.jpg 1024w, https:\/\/e-chain.hu\/wp-content\/uploads\/2025\/03\/cba8e855-f110-4cf3-9ae4-e97a7af9b867-300x300.jpg 300w, https:\/\/e-chain.hu\/wp-content\/uploads\/2025\/03\/cba8e855-f110-4cf3-9ae4-e97a7af9b867-150x150.jpg 150w, https:\/\/e-chain.hu\/wp-content\/uploads\/2025\/03\/cba8e855-f110-4cf3-9ae4-e97a7af9b867-768x768.jpg 768w, https:\/\/e-chain.hu\/wp-content\/uploads\/2025\/03\/cba8e855-f110-4cf3-9ae4-e97a7af9b867-12x12.jpg 12w, https:\/\/e-chain.hu\/wp-content\/uploads\/2025\/03\/cba8e855-f110-4cf3-9ae4-e97a7af9b867-400x400.jpg 400w\">\n\t\t\t\t\t\t<\/div>\n<div class=\"lc-block py-3\">\n<div editable=\"rich\">\n<h3>Hat\u00e9konyabb munkav\u00e9gz\u00e9s, kevesebb \u00e1ll\u00e1sid\u0151&#8230;<\/h3>\n<p>Egy j\u00f3l k\u00e9pzett csapat nemcsak gyorsabban \u00e9s hat\u00e9konyabban dolgozik, hanem k\u00e9pes megel\u0151zni a hib\u00e1kat \u00e9s cs\u00f6kkenteni a v\u00e1ratlan le\u00e1ll\u00e1sokat is. K\u00e9pz\u00e9seinkkel hozz\u00e1j\u00e1rulunk v\u00e1llalkoz\u00e1sa siker\u00e9hez \u00e9s versenyk\u00e9pess\u00e9g\u00e9hez.<\/p>\n<p><\/p>\n<p>Vegye fel vel\u00fcnk a kapcsolatot, \u00e9s seg\u00edt\u00fcnk megtal\u00e1lni az \u00d6n sz\u00e1m\u00e1ra legmegfelel\u0151bb k\u00e9pz\u00e9si programot!<\/p>\n<\/p><\/div>\n<\/p><\/div>\n<\/p><\/div>\n<\/p><\/div>\n<div class=\"row py-5 border-bottom border-top\">\n<div class=\"col-md-6\"><\/div>\n<div class=\"col-md-6\"><\/div>\n<\/p><\/div>\n<\/p><\/div>\n<\/p><\/div>\n<\/p><\/div>\n<\/section>","protected":false},"excerpt":{"rendered":"<p>Tud\u00e1s, ami megt\u00e9r\u00fcl \u2013 szak\u00e9rt\u0151i k\u00e9pz\u00e9sek a hat\u00e9konyabb m\u0171k\u00f6d\u00e9s \u00e9s kevesebb \u00e1ll\u00e1sid\u0151 \u00e9rdek\u00e9ben.<\/p>","protected":false},"author":1,"featured_media":1030,"parent":243,"menu_order":0,"comment_status":"closed","ping_status":"closed","template":"","meta":{"_seopress_robots_primary_cat":"","_seopress_titles_title":"","_seopress_titles_desc":"","_seopress_robots_index":"","footnotes":""},"class_list":["post-441","page","type-page","status-publish","has-post-thumbnail","hentry"],"_links":{"self":[{"href":"https:\/\/e-chain.hu\/en\/wp-json\/wp\/v2\/pages\/441","targetHints":{"allow":["GET"]}}],"collection":[{"href":"https:\/\/e-chain.hu\/en\/wp-json\/wp\/v2\/pages"}],"about":[{"href":"https:\/\/e-chain.hu\/en\/wp-json\/wp\/v2\/types\/page"}],"author":[{"embeddable":true,"href":"https:\/\/e-chain.hu\/en\/wp-json\/wp\/v2\/users\/1"}],"replies":[{"embeddable":true,"href":"https:\/\/e-chain.hu\/en\/wp-json\/wp\/v2\/comments?post=441"}],"version-history":[{"count":6,"href":"https:\/\/e-chain.hu\/en\/wp-json\/wp\/v2\/pages\/441\/revisions"}],"predecessor-version":[{"id":1069,"href":"https:\/\/e-chain.hu\/en\/wp-json\/wp\/v2\/pages\/441\/revisions\/1069"}],"up":[{"embeddable":true,"href":"https:\/\/e-chain.hu\/en\/wp-json\/wp\/v2\/pages\/243"}],"wp:featuredmedia":[{"embeddable":true,"href":"https:\/\/e-chain.hu\/en\/wp-json\/wp\/v2\/media\/1030"}],"wp:attachment":[{"href":"https:\/\/e-chain.hu\/en\/wp-json\/wp\/v2\/media?parent=441"}],"curies":[{"name":"wp","href":"https:\/\/api.w.org\/{rel}","templated":true}]}}