{"id":439,"date":"2025-03-06T17:12:26","date_gmt":"2025-03-06T16:12:26","guid":{"rendered":"https:\/\/dev.sysvol.hu\/echain\/?page_id=439"},"modified":"2026-03-05T14:26:09","modified_gmt":"2026-03-05T13:26:09","slug":"muszaki-tamogatas","status":"publish","type":"page","link":"https:\/\/e-chain.hu\/en\/szolgaltatasok\/muszaki-tamogatas\/","title":{"rendered":"Technical support"},"content":{"rendered":"<section>\n<div class=\"container\">\n<div class=\"row\">\n<div class=\"col-md-3 d-sm-none d-md-block small\">\n<div class=\"lc-block small\">\n<h3 class=\"heading dash\">Services<\/h3>\n<ul class=\"list-grid\">\n<li>\n\t\t\t\t\t\t\t\t\t<a href=\"https:\/\/e-chain.hu\/en\/szolgaltatasok\/potalkatresz-ellatas\/\"><br \/>\n\t\t\t\t\t\t\t\t\t\tSpare parts supply<br \/>\n\t\t\t\t\t\t\t\t\t<\/a>\n\t\t\t\t\t\t\t\t<\/li>\n<li>\n\t\t\t\t\t\t\t\t\t<a href=\"https:\/\/e-chain.hu\/en\/szolgaltatasok\/muszaki-tamogatas\/\"><br \/>\n\t\t\t\t\t\t\t\t\t\tTechnical support<br \/>\n\t\t\t\t\t\t\t\t\t<\/a>\n\t\t\t\t\t\t\t\t<\/li>\n<li>\n\t\t\t\t\t\t\t\t\t<a href=\"https:\/\/e-chain.hu\/en\/szolgaltatasok\/kepzes\/\"><br \/>\n\t\t\t\t\t\t\t\t\t\tTraining<br \/>\n\t\t\t\t\t\t\t\t\t<\/a>\n\t\t\t\t\t\t\t\t<\/li>\n<li>\n\t\t\t\t\t\t\t\t\t<a href=\"https:\/\/e-chain.hu\/en\/szolgaltatasok\/szerviz\/\"><br \/>\n\t\t\t\t\t\t\t\t\t\tService<br \/>\n\t\t\t\t\t\t\t\t\t<\/a>\n\t\t\t\t\t\t\t\t<\/li>\n<li>\n\t\t\t\t\t\t\t\t\t<a href=\"https:\/\/e-chain.hu\/en\/szolgaltatasok\/berendezesek-ertekesitese\/\"><br \/>\n\t\t\t\t\t\t\t\t\t\tEquipment sales<br \/>\n\t\t\t\t\t\t\t\t\t<\/a>\n\t\t\t\t\t\t\t\t<\/li>\n<\/ul><\/div>\n<div class=\"lc-block py-5 small\">\n<div editable=\"rich\">\n<h3 class=\"heading dash\"><\/h3>\n<\/p><\/div>\n<\/p><\/div>\n<\/p><\/div>\n<div class=\"col-md-9\">\n<div class=\"row\">\n<div class=\"col-md-6\">\n<div class=\"lc-block\">\n<div editable=\"rich\">\n<h2>Szak\u00e9rtelem, amire sz\u00e1m\u00edthat<\/h2>\n<p>Az ipari gy\u00e1rt\u00f3berendez\u00e9sek folyamatos \u00fczemeltet\u00e9se nem csup\u00e1n megb\u00edzhat\u00f3 alkatr\u00e9szeket, hanem gyors \u00e9s hat\u00e9kony m\u0171szaki t\u00e1mogat\u00e1st is ig\u00e9nyel. Az E-chain Kft. szak\u00e9rt\u0151 csapata k\u00e9szen \u00e1ll arra, hogy \u00d6nnek professzion\u00e1lis seg\u00edts\u00e9get ny\u00fajtson, legyen sz\u00f3 \u00fczembe helyez\u00e9sr\u0151l, hibaelh\u00e1r\u00edt\u00e1sr\u00f3l vagy rendszeres karbantart\u00e1sr\u00f3l.<\/p>\n<\/p><\/div>\n<\/p><\/div>\n<div class=\"lc-block py-3\">\n<div editable=\"rich\">\n<h3>Szolg\u00e1ltat\u00e1saink:<\/h3>\n<p><\/p>\n<p>\u2714 Hibadiagnosztika \u00e9s elh\u00e1r\u00edt\u00e1s \u2013 Gyors reakci\u00f3id\u0151vel azonos\u00edtjuk \u00e9s megoldjuk a m\u0171szaki probl\u00e9m\u00e1kat, minimaliz\u00e1lva az \u00e1ll\u00e1sid\u0151t. <\/p>\n<p>\u2714 \u00dczembe helyez\u00e9s \u00e9s betan\u00edt\u00e1s \u2013 Seg\u00edt\u00fcnk az \u00faj berendez\u00e9sek be\u00fczemel\u00e9s\u00e9ben \u00e9s a kezel\u0151szem\u00e9lyzet k\u00e9pz\u00e9s\u00e9ben. <\/p>\n<p>\u2714 Karbantart\u00e1si tan\u00e1csad\u00e1s \u2013 Megel\u0151z\u0151 karbantart\u00e1si javaslatokat adunk, hogy berendez\u00e9sei hossz\u00fa t\u00e1von is \u00fczembiztosak maradjanak. <\/p>\n<p>\u2714 T\u00e1voli \u00e9s helysz\u00edni t\u00e1mogat\u00e1s \u2013 Szak\u00e9rt\u0151ink online vagy a helysz\u00ednen is seg\u00edts\u00e9get ny\u00fajtanak az \u00d6n ig\u00e9nyei szerint. <\/p>\n<p>\u2714 Egyedi megold\u00e1sok \u2013 Szem\u00e9lyre szabott m\u0171szaki t\u00e1mogat\u00e1si csomagokat k\u00edn\u00e1lunk, hogy pontosan azt kapja, amire sz\u00fcks\u00e9ge van. <\/p>\n<p>\u2714Technol\u00f3giai konzult\u00e1ci\u00f3k \u2013 K\u00f6z\u00f6s egyeztet\u00e9sek keret\u00e9ben seg\u00edt\u00fcnk az \u00faj gy\u00e1rt\u00e1si megold\u00e1sok \u00e9s berendez\u00e9sek z\u00f6kken\u0151mentes bevezet\u00e9s\u00e9ben.<\/p>\n<\/p><\/div>\n<\/p><\/div>\n<\/p><\/div>\n<div class=\"col-md-6\">\n<div class=\"lc-block\">\n\t\t\t\t\t\t\t<img alt=\"\" loading=\"lazy\" decoding=\"async\" class=\"img-fluid wp-image-1037\" src=\"https:\/\/e-chain.hu\/wp-content\/uploads\/2026\/02\/berendezes-szerviz-szerszam.webp\" width=\"1920\" height=\"1280\" srcset=\"https:\/\/e-chain.hu\/wp-content\/uploads\/2026\/02\/berendezes-szerviz-szerszam.webp 1920w, https:\/\/e-chain.hu\/wp-content\/uploads\/2026\/02\/berendezes-szerviz-szerszam-300x200.webp 300w, https:\/\/e-chain.hu\/wp-content\/uploads\/2026\/02\/berendezes-szerviz-szerszam-1024x683.webp 1024w, https:\/\/e-chain.hu\/wp-content\/uploads\/2026\/02\/berendezes-szerviz-szerszam-768x512.webp 768w, https:\/\/e-chain.hu\/wp-content\/uploads\/2026\/02\/berendezes-szerviz-szerszam-1536x1024.webp 1536w, https:\/\/e-chain.hu\/wp-content\/uploads\/2026\/02\/berendezes-szerviz-szerszam-18x12.webp 18w, https:\/\/e-chain.hu\/wp-content\/uploads\/2026\/02\/berendezes-szerviz-szerszam-1320x880.webp 1320w\" sizes=\"auto, (max-width: 1920px) 100vw, 1920px\">\n\t\t\t\t\t\t<\/div>\n<div class=\"lc-block py-3\">\n<div editable=\"rich\">\n<h3>Gyors seg\u00edts\u00e9g, amikor sz\u00fcks\u00e9ge van r\u00e1&#8230;<\/h3>\n<p><\/p>\n<p>\ud83d\udcde Vegye fel vel\u00fcnk a kapcsolatot!<\/p>\n<\/p><\/div>\n<\/p><\/div>\n<\/p><\/div>\n<\/p><\/div>\n<div class=\"row py-5 border-bottom border-top\">\n<div class=\"col-md-6\"><\/div>\n<div class=\"col-md-6\"><\/div>\n<\/p><\/div>\n<\/p><\/div>\n<\/p><\/div>\n<\/p><\/div>\n<\/section>","protected":false},"excerpt":{"rendered":"<p>Professzion\u00e1lis m\u0171szaki t\u00e1mogat\u00e1s, hogy g\u00e9pei ne \u00e1lljanak meg \u2013 amikor sz\u00e1m\u00edt, mi ott vagyunk.<\/p>","protected":false},"author":1,"featured_media":1031,"parent":243,"menu_order":0,"comment_status":"closed","ping_status":"closed","template":"","meta":{"_seopress_robots_primary_cat":"","_seopress_titles_title":"","_seopress_titles_desc":"","_seopress_robots_index":"","footnotes":""},"class_list":["post-439","page","type-page","status-publish","has-post-thumbnail","hentry"],"_links":{"self":[{"href":"https:\/\/e-chain.hu\/en\/wp-json\/wp\/v2\/pages\/439","targetHints":{"allow":["GET"]}}],"collection":[{"href":"https:\/\/e-chain.hu\/en\/wp-json\/wp\/v2\/pages"}],"about":[{"href":"https:\/\/e-chain.hu\/en\/wp-json\/wp\/v2\/types\/page"}],"author":[{"embeddable":true,"href":"https:\/\/e-chain.hu\/en\/wp-json\/wp\/v2\/users\/1"}],"replies":[{"embeddable":true,"href":"https:\/\/e-chain.hu\/en\/wp-json\/wp\/v2\/comments?post=439"}],"version-history":[{"count":6,"href":"https:\/\/e-chain.hu\/en\/wp-json\/wp\/v2\/pages\/439\/revisions"}],"predecessor-version":[{"id":1061,"href":"https:\/\/e-chain.hu\/en\/wp-json\/wp\/v2\/pages\/439\/revisions\/1061"}],"up":[{"embeddable":true,"href":"https:\/\/e-chain.hu\/en\/wp-json\/wp\/v2\/pages\/243"}],"wp:featuredmedia":[{"embeddable":true,"href":"https:\/\/e-chain.hu\/en\/wp-json\/wp\/v2\/media\/1031"}],"wp:attachment":[{"href":"https:\/\/e-chain.hu\/en\/wp-json\/wp\/v2\/media?parent=439"}],"curies":[{"name":"wp","href":"https:\/\/api.w.org\/{rel}","templated":true}]}}