{"id":437,"date":"2025-03-06T17:10:36","date_gmt":"2025-03-06T16:10:36","guid":{"rendered":"https:\/\/dev.sysvol.hu\/echain\/?page_id=437"},"modified":"2026-03-05T14:32:43","modified_gmt":"2026-03-05T13:32:43","slug":"potalkatresz-ellatas","status":"publish","type":"page","link":"https:\/\/e-chain.hu\/en\/szolgaltatasok\/potalkatresz-ellatas\/","title":{"rendered":"Spare parts supply"},"content":{"rendered":"<section>\n<div class=\"container\">\n<div class=\"row\">\n<div class=\"col-md-3 d-sm-none d-md-block small\">\n<div class=\"lc-block small\">\n<h3 class=\"heading dash\">Services<\/h3>\n<ul class=\"list-grid\">\n<li>\n\t\t\t\t\t\t\t\t\t<a href=\"https:\/\/e-chain.hu\/en\/szolgaltatasok\/potalkatresz-ellatas\/\"><br \/>\n\t\t\t\t\t\t\t\t\t\tSpare parts supply<br \/>\n\t\t\t\t\t\t\t\t\t<\/a>\n\t\t\t\t\t\t\t\t<\/li>\n<li>\n\t\t\t\t\t\t\t\t\t<a href=\"https:\/\/e-chain.hu\/en\/szolgaltatasok\/muszaki-tamogatas\/\"><br \/>\n\t\t\t\t\t\t\t\t\t\tTechnical support<br \/>\n\t\t\t\t\t\t\t\t\t<\/a>\n\t\t\t\t\t\t\t\t<\/li>\n<li>\n\t\t\t\t\t\t\t\t\t<a href=\"https:\/\/e-chain.hu\/en\/szolgaltatasok\/kepzes\/\"><br \/>\n\t\t\t\t\t\t\t\t\t\tTraining<br \/>\n\t\t\t\t\t\t\t\t\t<\/a>\n\t\t\t\t\t\t\t\t<\/li>\n<li>\n\t\t\t\t\t\t\t\t\t<a href=\"https:\/\/e-chain.hu\/en\/szolgaltatasok\/szerviz\/\"><br \/>\n\t\t\t\t\t\t\t\t\t\tService<br \/>\n\t\t\t\t\t\t\t\t\t<\/a>\n\t\t\t\t\t\t\t\t<\/li>\n<li>\n\t\t\t\t\t\t\t\t\t<a href=\"https:\/\/e-chain.hu\/en\/szolgaltatasok\/berendezesek-ertekesitese\/\"><br \/>\n\t\t\t\t\t\t\t\t\t\tEquipment sales<br \/>\n\t\t\t\t\t\t\t\t\t<\/a>\n\t\t\t\t\t\t\t\t<\/li>\n<\/ul><\/div>\n<div class=\"lc-block py-5 small\">\n<div editable=\"rich\">\n<h3 class=\"heading dash\"><\/h3>\n<p><\/p>\n<h5 class=\"fw-medium\">L\u00e9pjen vel\u00fcnk kapcsolatba!<\/h5>\n<p><\/p>\n<h5>office@e-chain.hu<\/h5>\n<h5><\/h5>\n<h5>+36 28 789 054<\/h5>\n<\/p><\/div>\n<\/p><\/div>\n<\/p><\/div>\n<div class=\"col-md-9\">\n<div class=\"row\">\n<div class=\"col-md-6\">\n<div class=\"lc-block\">\n<div editable=\"rich\">\n<h2>Spare parts supply<\/h2>\n<p>Az ipari berendez\u00e9sek zavartalan m\u0171k\u00f6d\u00e9s\u00e9nek alapfelt\u00e9tele a megfelel\u0151 p\u00f3talkatr\u00e9sz-ell\u00e1t\u00e1s. Az E-chain Kft. biztos\u00edtja, hogy az \u00d6n gy\u00e1rt\u00f3berendez\u00e9sei mindig rendelkez\u00e9sre \u00e1lljanak a sz\u00fcks\u00e9ges alkatr\u00e9szekkel, minimaliz\u00e1lva az \u00e1ll\u00e1sid\u0151t \u00e9s maximaliz\u00e1lva a termel\u00e9kenys\u00e9get.<\/p>\n<\/p><\/div>\n<\/p><\/div>\n<div class=\"lc-block py-3\">\n<div editable=\"rich\">\n<h3>A complete service tailored to your needs <\/h3>\n<p><\/p>\n<p>\u2714 Gyors beszerz\u00e9s \u00e9s sz\u00e1ll\u00edt\u00e1s \u2013 R\u00f6vid hat\u00e1rid\u0151vel tudjuk biztos\u00edtani az alkatr\u00e9szeket norm\u00e1l \u00e9s v\u00e9szhelyzeti esetekben is. <\/p>\n<p>\u2714 Szak\u00e9rt\u0151i tan\u00e1csad\u00e1s \u2013 Seg\u00edt\u00fcnk kiv\u00e1lasztani az optim\u00e1lis megold\u00e1st.<\/p>\n<p>\u2714 Rakt\u00e1rk\u00e9szletr\u0151l azonnal el\u00e9rhet\u0151 term\u00e9kek \u2013 A gyakran haszn\u00e1lt alkatr\u00e9szeket rakt\u00e1ron tartjuk, \u00edgy azonnali kiszolg\u00e1l\u00e1st biztos\u00edtunk.<\/p>\n<\/p><\/div>\n<\/p><\/div>\n<\/p><\/div>\n<div class=\"col-md-6\">\n<div class=\"lc-block\">\n\t\t\t\t\t\t\t<img alt=\"\" loading=\"lazy\" decoding=\"async\" class=\"img-fluid wp-image-1062\" src=\"https:\/\/e-chain.hu\/wp-content\/uploads\/2026\/03\/productronica2025_mb__23001-1024x683.jpg\" width=\"1024\" height=\"683\" srcset=\"https:\/\/e-chain.hu\/wp-content\/uploads\/2026\/03\/productronica2025_mb__23001-1024x683.jpg 1024w, https:\/\/e-chain.hu\/wp-content\/uploads\/2026\/03\/productronica2025_mb__23001-300x200.jpg 300w, https:\/\/e-chain.hu\/wp-content\/uploads\/2026\/03\/productronica2025_mb__23001-768x512.jpg 768w, https:\/\/e-chain.hu\/wp-content\/uploads\/2026\/03\/productronica2025_mb__23001-1536x1024.jpg 1536w, https:\/\/e-chain.hu\/wp-content\/uploads\/2026\/03\/productronica2025_mb__23001-2048x1365.jpg 2048w, https:\/\/e-chain.hu\/wp-content\/uploads\/2026\/03\/productronica2025_mb__23001-18x12.jpg 18w, https:\/\/e-chain.hu\/wp-content\/uploads\/2026\/03\/productronica2025_mb__23001-1320x880.jpg 1320w, https:\/\/e-chain.hu\/wp-content\/uploads\/2026\/03\/productronica2025_mb__23001-scaled.jpg 1920w\" sizes=\"auto, (max-width: 1024px) 100vw, 1024px\">\n\t\t\t\t\t\t<\/div>\n<div class=\"lc-block py-3\">\n<div editable=\"rich\">\n<h4>Tudjuk, hogy minden perc sz\u00e1m\u00edt. <\/h4>\n<p>\u00c9ppen ez\u00e9rt hat\u00e9kony p\u00f3talkatr\u00e9sz-ell\u00e1t\u00e1si rendszer\u00fcnk seg\u00edt cs\u00f6kkenteni az \u00e1ll\u00e1sid\u0151t \u00e9s biztos\u00edtja, hogy az \u00d6n berendez\u00e9sei mindig \u00fczemk\u00e9szen \u00e1lljanak.<\/p>\n<\/p><\/div>\n<\/p><\/div>\n<\/p><\/div>\n<\/p><\/div>\n<div class=\"row py-5 border-bottom border-top\">\n<div class=\"col-md-6\"><\/div>\n<div class=\"col-md-6\"><\/div>\n<\/p><\/div>\n<\/p><\/div>\n<\/p><\/div>\n<\/p><\/div>\n<\/section>","protected":false},"excerpt":{"rendered":"<p>\u00dczemk\u00e9szs\u00e9g minden pillanatban \u2013 gyors \u00e9s megb\u00edzhat\u00f3 p\u00f3talkatr\u00e9sz-ell\u00e1t\u00e1s az \u00e1ll\u00e1sid\u0151 minimaliz\u00e1l\u00e1s\u00e1\u00e9rt.<\/p>","protected":false},"author":1,"featured_media":1044,"parent":243,"menu_order":0,"comment_status":"closed","ping_status":"closed","template":"","meta":{"_seopress_robots_primary_cat":"","_seopress_titles_title":"","_seopress_titles_desc":"","_seopress_robots_index":"","footnotes":""},"class_list":["post-437","page","type-page","status-publish","has-post-thumbnail","hentry"],"_links":{"self":[{"href":"https:\/\/e-chain.hu\/en\/wp-json\/wp\/v2\/pages\/437","targetHints":{"allow":["GET"]}}],"collection":[{"href":"https:\/\/e-chain.hu\/en\/wp-json\/wp\/v2\/pages"}],"about":[{"href":"https:\/\/e-chain.hu\/en\/wp-json\/wp\/v2\/types\/page"}],"author":[{"embeddable":true,"href":"https:\/\/e-chain.hu\/en\/wp-json\/wp\/v2\/users\/1"}],"replies":[{"embeddable":true,"href":"https:\/\/e-chain.hu\/en\/wp-json\/wp\/v2\/comments?post=437"}],"version-history":[{"count":10,"href":"https:\/\/e-chain.hu\/en\/wp-json\/wp\/v2\/pages\/437\/revisions"}],"predecessor-version":[{"id":1063,"href":"https:\/\/e-chain.hu\/en\/wp-json\/wp\/v2\/pages\/437\/revisions\/1063"}],"up":[{"embeddable":true,"href":"https:\/\/e-chain.hu\/en\/wp-json\/wp\/v2\/pages\/243"}],"wp:featuredmedia":[{"embeddable":true,"href":"https:\/\/e-chain.hu\/en\/wp-json\/wp\/v2\/media\/1044"}],"wp:attachment":[{"href":"https:\/\/e-chain.hu\/en\/wp-json\/wp\/v2\/media?parent=437"}],"curies":[{"name":"wp","href":"https:\/\/api.w.org\/{rel}","templated":true}]}}