{"id":243,"date":"2025-02-03T07:48:08","date_gmt":"2025-02-03T06:48:08","guid":{"rendered":"https:\/\/dev.sysvol.hu\/echain\/?page_id=243"},"modified":"2026-02-19T14:40:42","modified_gmt":"2026-02-19T13:40:42","slug":"szolgaltatasok","status":"publish","type":"page","link":"https:\/\/e-chain.hu\/en\/szolgaltatasok\/","title":{"rendered":"Services"},"content":{"rendered":"<section class=\"pb-5\">\n<div class=\"container\">\n<div class=\"row\">\n<div class=\"lc-block\">\n<div class=\"row g-4\">\n<div class=\"col-md-8\">\n<div class=\"follow-dir\" style=\"background: url(&#039;https:\/\/e-chain.hu\/wp-content\/uploads\/2026\/02\/muszaki-tamogatas-gyartosor-1024x683.webp&#039;) center\/cover no-repeat; min-height: 280px;\">\n<div class=\"caption-pane\">\n<div class=\"caption-text d-flex h-100 justify-content-center align-items-center text-white\">\n\t\t\t\t\t\t\t\t\t\t\t<a class=\"text-secondary text-center\" href=\"https:\/\/e-chain.hu\/en\/szolgaltatasok\/berendezesek-ertekesitese\/\"><br \/>\n\t\t\t\t\t\t\t\t\t\t\t\t<i class=\"bi bi-plus-square display-3\"><\/i><\/p>\n<h2 class=\"text-white display-3\">\n\t\t\t\t\t\t\t\t\t\t\t\t\tEquipment sales<br \/>\n\t\t\t\t\t\t\t\t\t\t\t\t<\/h2>\n<p>\t\t\t\t\t\t\t\t\t\t\t\t<span class=\"small\"><br \/>\n\t\t\t\t\t\t\t\t\t\t\t\t\tInnov\u00e1ci\u00f3, megb\u00edzhat\u00f3s\u00e1g \u00e9s szak\u00e9rtelem \u2013 ipari megold\u00e1sok, amelyek val\u00f3ban m\u0171k\u00f6dnek az \u00d6n v\u00e1llalkoz\u00e1s\u00e1ban.<br \/>\n\t\t\t\t\t\t\t\t\t\t\t\t<\/span><br \/>\n\t\t\t\t\t\t\t\t\t\t\t<\/a>\n\t\t\t\t\t\t\t\t\t\t<\/div>\n<\/p><\/div>\n<div class=\"lc-block title-box position-absolute bottom-0 start-0 bg-light opacity-75\">\n<div class=\"border-start border-5 border-warning px-4 py-1\">\n<h2 class=\"pt-3 pb-2\">\n\t\t\t\t\t\t\t\t\t\t\t\tEquipment sales<br \/>\n\t\t\t\t\t\t\t\t\t\t\t<\/h2>\n<\/p><\/div>\n<\/p><\/div>\n<\/p><\/div>\n<\/p><\/div>\n<div class=\"col-md-4\">\n<div class=\"follow-dir\" style=\"background: url(&#039;https:\/\/e-chain.hu\/wp-content\/uploads\/2026\/02\/gyartosor-ipari-bemutato-1024x683.webp&#039;) center\/cover no-repeat; min-height: 280px;\">\n<div class=\"caption-pane\">\n<div class=\"caption-text d-flex h-100 justify-content-center align-items-center text-white\">\n\t\t\t\t\t\t\t\t\t\t\t<a class=\"text-secondary text-center\" href=\"https:\/\/e-chain.hu\/en\/szolgaltatasok\/kepzes\/\"><br \/>\n\t\t\t\t\t\t\t\t\t\t\t\t<i class=\"bi bi-plus-square display-3\"><\/i><\/p>\n<h2 class=\"text-white display-3\">\n\t\t\t\t\t\t\t\t\t\t\t\t\tTraining<br \/>\n\t\t\t\t\t\t\t\t\t\t\t\t<\/h2>\n<p>\t\t\t\t\t\t\t\t\t\t\t\t<span class=\"small\"><br \/>\n\t\t\t\t\t\t\t\t\t\t\t\t\tTud\u00e1s, ami megt\u00e9r\u00fcl \u2013 szak\u00e9rt\u0151i k\u00e9pz\u00e9sek a hat\u00e9konyabb m\u0171k\u00f6d\u00e9s \u00e9s kevesebb \u00e1ll\u00e1sid\u0151 \u00e9rdek\u00e9ben.<br \/>\n\t\t\t\t\t\t\t\t\t\t\t\t<\/span><br \/>\n\t\t\t\t\t\t\t\t\t\t\t<\/a>\n\t\t\t\t\t\t\t\t\t\t<\/div>\n<\/p><\/div>\n<div class=\"lc-block title-box position-absolute bottom-0 start-0 bg-light opacity-75\">\n<div class=\"border-start border-5 border-warning px-4 py-1\">\n<h2 class=\"pt-3 pb-2\">\n\t\t\t\t\t\t\t\t\t\t\t\tTraining<br \/>\n\t\t\t\t\t\t\t\t\t\t\t<\/h2>\n<\/p><\/div>\n<\/p><\/div>\n<\/p><\/div>\n<\/p><\/div>\n<div class=\"col-md-4\">\n<div class=\"follow-dir\" style=\"background: url(&#039;https:\/\/e-chain.hu\/wp-content\/uploads\/2026\/02\/ipari-berendezes-szereles-szerviz-1024x683.webp&#039;) center\/cover no-repeat; min-height: 280px;\">\n<div class=\"caption-pane\">\n<div class=\"caption-text d-flex h-100 justify-content-center align-items-center text-white\">\n\t\t\t\t\t\t\t\t\t\t\t<a class=\"text-secondary text-center\" href=\"https:\/\/e-chain.hu\/en\/szolgaltatasok\/muszaki-tamogatas\/\"><br \/>\n\t\t\t\t\t\t\t\t\t\t\t\t<i class=\"bi bi-plus-square display-3\"><\/i><\/p>\n<h2 class=\"text-white display-3\">\n\t\t\t\t\t\t\t\t\t\t\t\t\tTechnical support<br \/>\n\t\t\t\t\t\t\t\t\t\t\t\t<\/h2>\n<p>\t\t\t\t\t\t\t\t\t\t\t\t<span class=\"small\"><br \/>\n\t\t\t\t\t\t\t\t\t\t\t\t\tProfesszion\u00e1lis m\u0171szaki t\u00e1mogat\u00e1s, hogy g\u00e9pei ne \u00e1lljanak meg \u2013 amikor sz\u00e1m\u00edt, mi ott vagyunk.<br \/>\n\t\t\t\t\t\t\t\t\t\t\t\t<\/span><br \/>\n\t\t\t\t\t\t\t\t\t\t\t<\/a>\n\t\t\t\t\t\t\t\t\t\t<\/div>\n<\/p><\/div>\n<div class=\"lc-block title-box position-absolute bottom-0 start-0 bg-light opacity-75\">\n<div class=\"border-start border-5 border-warning px-4 py-1\">\n<h2 class=\"pt-3 pb-2\">\n\t\t\t\t\t\t\t\t\t\t\t\tTechnical support<br \/>\n\t\t\t\t\t\t\t\t\t\t\t<\/h2>\n<\/p><\/div>\n<\/p><\/div>\n<\/p><\/div>\n<\/p><\/div>\n<div class=\"col-md-4\">\n<div class=\"follow-dir\" style=\"background: url(&#039;https:\/\/e-chain.hu\/wp-content\/uploads\/2026\/02\/drill-head-1024x683.webp&#039;) center\/cover no-repeat; min-height: 280px;\">\n<div class=\"caption-pane\">\n<div class=\"caption-text d-flex h-100 justify-content-center align-items-center text-white\">\n\t\t\t\t\t\t\t\t\t\t\t<a class=\"text-secondary text-center\" href=\"https:\/\/e-chain.hu\/en\/szolgaltatasok\/potalkatresz-ellatas\/\"><br \/>\n\t\t\t\t\t\t\t\t\t\t\t\t<i class=\"bi bi-plus-square display-3\"><\/i><\/p>\n<h2 class=\"text-white display-3\">\n\t\t\t\t\t\t\t\t\t\t\t\t\tSpare parts supply<br \/>\n\t\t\t\t\t\t\t\t\t\t\t\t<\/h2>\n<p>\t\t\t\t\t\t\t\t\t\t\t\t<span class=\"small\"><br \/>\n\t\t\t\t\t\t\t\t\t\t\t\t\t\u00dczemk\u00e9szs\u00e9g minden pillanatban \u2013 gyors \u00e9s megb\u00edzhat\u00f3 p\u00f3talkatr\u00e9sz-ell\u00e1t\u00e1s az \u00e1ll\u00e1sid\u0151 minimaliz\u00e1l\u00e1s\u00e1\u00e9rt.<br \/>\n\t\t\t\t\t\t\t\t\t\t\t\t<\/span><br \/>\n\t\t\t\t\t\t\t\t\t\t\t<\/a>\n\t\t\t\t\t\t\t\t\t\t<\/div>\n<\/p><\/div>\n<div class=\"lc-block title-box position-absolute bottom-0 start-0 bg-light opacity-75\">\n<div class=\"border-start border-5 border-warning px-4 py-1\">\n<h2 class=\"pt-3 pb-2\">\n\t\t\t\t\t\t\t\t\t\t\t\tSpare parts supply<br \/>\n\t\t\t\t\t\t\t\t\t\t\t<\/h2>\n<\/p><\/div>\n<\/p><\/div>\n<\/p><\/div>\n<\/p><\/div>\n<div class=\"col-md-4\">\n<div class=\"follow-dir\" style=\"background: url(&#039;https:\/\/e-chain.hu\/wp-content\/uploads\/2026\/02\/ipari-gep-ellenorzes-teszteles-1024x683.webp&#039;) center\/cover no-repeat; min-height: 280px;\">\n<div class=\"caption-pane\">\n<div class=\"caption-text d-flex h-100 justify-content-center align-items-center text-white\">\n\t\t\t\t\t\t\t\t\t\t\t<a class=\"text-secondary text-center\" href=\"https:\/\/e-chain.hu\/en\/szolgaltatasok\/szerviz\/\"><br \/>\n\t\t\t\t\t\t\t\t\t\t\t\t<i class=\"bi bi-plus-square display-3\"><\/i><\/p>\n<h2 class=\"text-white display-3\">\n\t\t\t\t\t\t\t\t\t\t\t\t\tService<br \/>\n\t\t\t\t\t\t\t\t\t\t\t\t<\/h2>\n<p>\t\t\t\t\t\t\t\t\t\t\t\t<span class=\"small\"><br \/>\n\t\t\t\t\t\t\t\t\t\t\t\t\tService - Reliable service for industrial equipment<br \/>\nPrecision, speed, expertise<br \/>\n\t\t\t\t\t\t\t\t\t\t\t\t<\/span><br \/>\n\t\t\t\t\t\t\t\t\t\t\t<\/a>\n\t\t\t\t\t\t\t\t\t\t<\/div>\n<\/p><\/div>\n<div class=\"lc-block title-box position-absolute bottom-0 start-0 bg-light opacity-75\">\n<div class=\"border-start border-5 border-warning px-4 py-1\">\n<h2 class=\"pt-3 pb-2\">\n\t\t\t\t\t\t\t\t\t\t\t\tService<br \/>\n\t\t\t\t\t\t\t\t\t\t\t<\/h2>\n<\/p><\/div>\n<\/p><\/div>\n<\/p><\/div>\n<\/p><\/div>\n<\/p><\/div>\n<\/p><\/div>\n<\/p><\/div>\n<\/p><\/div>\n<\/section>","protected":false},"excerpt":{"rendered":"<p>Discover our innovative solutions and services and make your business more efficient with the latest technologies!<\/p>","protected":false},"author":1,"featured_media":0,"parent":0,"menu_order":0,"comment_status":"closed","ping_status":"closed","template":"","meta":{"_seopress_robots_primary_cat":"","_seopress_titles_title":"","_seopress_titles_desc":"","_seopress_robots_index":"","footnotes":""},"class_list":["post-243","page","type-page","status-publish","hentry"],"_links":{"self":[{"href":"https:\/\/e-chain.hu\/en\/wp-json\/wp\/v2\/pages\/243","targetHints":{"allow":["GET"]}}],"collection":[{"href":"https:\/\/e-chain.hu\/en\/wp-json\/wp\/v2\/pages"}],"about":[{"href":"https:\/\/e-chain.hu\/en\/wp-json\/wp\/v2\/types\/page"}],"author":[{"embeddable":true,"href":"https:\/\/e-chain.hu\/en\/wp-json\/wp\/v2\/users\/1"}],"replies":[{"embeddable":true,"href":"https:\/\/e-chain.hu\/en\/wp-json\/wp\/v2\/comments?post=243"}],"version-history":[{"count":24,"href":"https:\/\/e-chain.hu\/en\/wp-json\/wp\/v2\/pages\/243\/revisions"}],"predecessor-version":[{"id":1043,"href":"https:\/\/e-chain.hu\/en\/wp-json\/wp\/v2\/pages\/243\/revisions\/1043"}],"wp:attachment":[{"href":"https:\/\/e-chain.hu\/en\/wp-json\/wp\/v2\/media?parent=243"}],"curies":[{"name":"wp","href":"https:\/\/api.w.org\/{rel}","templated":true}]}}