{"id":241,"date":"2025-02-03T07:47:57","date_gmt":"2025-02-03T06:47:57","guid":{"rendered":"https:\/\/dev.sysvol.hu\/echain\/?page_id=241"},"modified":"2025-11-03T19:54:50","modified_gmt":"2025-11-03T18:54:50","slug":"ajanlat-keres","status":"publish","type":"page","link":"https:\/\/e-chain.hu\/en\/ajanlat-keres\/","title":{"rendered":"Request a quote"},"content":{"rendered":"<section>\n<div class=\"container\">\n<div class=\"row\">\n<div class=\"col-md-6\">\n<div class=\"lc-block\">\n<div editable=\"rich\">\n<h2>Min\u0151s\u00e9gi term\u00e9keket \u00e9s szolg\u00e1ltat\u00e1sokat k\u00edn\u00e1lunk versenyk\u00e9pes \u00e1ron.<\/h2>\n<p>T\u00f6ltsd ki az al\u00e1bbi \u0171rlapot, \u00e9s hamarosan visszajelz\u00fcnk szem\u00e9lyre szabott aj\u00e1nlatunkkal!<\/p>\n<\/p><\/div>\n<\/p><\/div>\n<div class=\"lc-block\">\n<div editable=\"rich\">\n<h2>Mi\u00e9rt \u00e9rdemes t\u0151l\u00fcnk aj\u00e1nlatot k\u00e9rned?<\/h2>\n<p>\u2714 Szem\u00e9lyre szabott \u00e1rk\u00e9pz\u00e9s <\/p>\n<p>\u2714 100%-ban ingyenes, k\u00f6telezetts\u00e9gmentes aj\u00e1nlat <\/p>\n<p>\u2714 Gyors \u00e9s egyszer\u0171 folyamat \u2013 24 \u00f3r\u00e1n bel\u00fcli v\u00e1lasz <\/p>\n<p>\u2714 T\u00f6bb sz\u00e1z el\u00e9gedett \u00fcgyf\u00e9l<\/p>\n<\/p><\/div>\n<\/p><\/div>\n<\/p><\/div>\n<div class=\"col-md-6\">\n<div class=\"lc-block p-5\">\n\t\t\t\t\t<img alt=\"\" loading=\"lazy\" decoding=\"async\" class=\"img-fluid wp-image-253\" src=\"https:\/\/e-chain.hu\/wp-content\/uploads\/2025\/02\/form-fill.jpg\" width=\"1024\" height=\"1024\" srcset=\"https:\/\/e-chain.hu\/wp-content\/uploads\/2025\/02\/form-fill.jpg 1024w, https:\/\/e-chain.hu\/wp-content\/uploads\/2025\/02\/form-fill-300x300.jpg 300w, https:\/\/e-chain.hu\/wp-content\/uploads\/2025\/02\/form-fill-150x150.jpg 150w, https:\/\/e-chain.hu\/wp-content\/uploads\/2025\/02\/form-fill-768x768.jpg 768w, https:\/\/e-chain.hu\/wp-content\/uploads\/2025\/02\/form-fill-400x400.jpg 400w\" sizes=\"auto, (max-width: 1024px) 100vw, 1024px\">\n\t\t\t\t<\/div>\n<\/p><\/div>\n<\/p><\/div>\n<\/p><\/div>\n<\/section>\n<section class=\"bg-dark text-light\">\n<div class=\"container\">\n<div class=\"row\">\n<div class=\"col-md-8 offset-md-2 py-5\">\n<div class=\"lc-block\">\n<form action=\"\" method=\"post\" class=\"container mt-4\">\n<div class=\"mb-3\">\n\t\t\t\t\t\t\t<label for=\"name\" class=\"form-label\">N\u00e9v:<\/label><br \/>\n\t\t\t\t\t\t\t<input name=\"mouseglue\" type=\"text\" class=\"form-control\" value=\"\" autocomplete=\"off\" hidden=\"\"><br \/>\n\t\t\t\t\t\t\t<input type=\"text\" id=\"name\" name=\"name\" class=\"form-control\" required=\"\">\n\t\t\t\t\t\t<\/div>\n<div class=\"mb-3\">\n\t\t\t\t\t\t\t<label for=\"email\" class=\"form-label\">E-mail c\u00edm:<\/label><br \/>\n\t\t\t\t\t\t\t<input type=\"email\" id=\"email\" name=\"email\" class=\"form-control\" required=\"\">\n\t\t\t\t\t\t<\/div>\n<div class=\"mb-3\">\n\t\t\t\t\t\t\t<label for=\"phone\" class=\"form-label\">Telefonsz\u00e1m:<\/label><br \/>\n\t\t\t\t\t\t\t<input type=\"tel\" id=\"phone\" name=\"phone\" class=\"form-control\">\n\t\t\t\t\t\t<\/div>\n<div class=\"mb-3\">\n\t\t\t\t\t\t\t<label for=\"company\" class=\"form-label\">C\u00e9g neve (opcion\u00e1lis):<\/label><br \/>\n\t\t\t\t\t\t\t<input type=\"text\" id=\"company\" name=\"company\" class=\"form-control\">\n\t\t\t\t\t\t<\/div>\n<div class=\"mb-3\">\n\t\t\t\t\t\t\t<label for=\"message\" class=\"form-label\">R\u00f6viden \u00edrja le ig\u00e9nyeit:<\/label><br \/>\n\t\t\t\t\t\t\t<textarea id=\"message\" name=\"message\" rows=\"4\" class=\"form-control\" required=\"\"><\/textarea>\n\t\t\t\t\t\t<\/div>\n<div class=\"mb-3\">\n\t\t\t\t\t\t\t<label for=\"contact-preference\" class=\"form-label\">Kapcsolattart\u00e1si preferencia:<\/label><br \/>\n\t\t\t\t\t\t\t<select id=\"contact-preference\" name=\"contact_preference\" class=\"form-select\"><option value=\"email\">E-mailben<\/option><option value=\"phone\">Telefonon<\/option><option value=\"both\">Mindkett\u0151<\/option><\/select>\n\t\t\t\t\t\t<\/div>\n<p>\t\t\t\t\t\t<button type=\"submit\" class=\"btn btn-primary w-100\">\u00c1raj\u00e1nlatot k\u00e9rek<\/button><\/p>\n\n\t<script>\n\t\/\/LC form submit event handler\n\tdocument.currentScript.closest(\"form\").addEventListener(\"submit\", function (event) {\n\t\tevent.preventDefault();\n\t\tconst theForm = this.closest(\"form\");\n\t\ttheForm.querySelector(\"[type=submit]\").setAttribute(\"disabled\",\"disabled\");\n\t\tif(!theForm.parentElement.querySelector(\".lc_form_feedback\")) {\n            console.log(\"add feedback div\");\n            theForm.insertAdjacentHTML(\"beforeend\", \"<div class=lc_form_feedback><\/div>\");\n        }\n        theForm.parentElement.querySelector(\".lc_form_feedback\").innerHTML=\"\";\n\t\tconst formdata = new FormData(event.currentTarget);\n\t\tformdata.append( \"nonce\", \"671abc76a9\" );\n\t\tformdata.append( \"action\", \"submit_quote_form\" );\n\t\tif (typeof (lc_forms_callback) == \"function\") {\n\t\t\tthe_result = lc_forms_callback(formdata);\n\t\t\tif (!the_result) {\n\t\t\t\t\/\/abort execution\n\t\t\t\ttheForm.querySelector(\"[type=submit]\").removeAttribute(\"disabled\" );\n\t\t\t\treturn false;\n\t\t\t}\n\t\t}\n\t\tfetch(\"https:\/\/e-chain.hu\/wp-admin\/admin-ajax.php\", {\n\t\t\tmethod: \"POST\",\n\t\t\tcredentials: \"same-origin\",\n\t\t\theaders: {\n\t\t\t\t\"Cache-Control\": \"no-cache\",\n\t\t\t},\n\t\t\tbody: formdata\n\t\t}).then(response => response.text())\n\t\t.then(response => {\n\t\t\t\/\/console.log(response);\n            if (response==\"-1\") {\n                alert(\"Invalid nonce value. Some kind of caching might be acting on it. Please try to reload the page and submit again the form, thank you.\");\n                return false;\n            }\n\t\t\ttheForm.parentElement.querySelector(\".lc_form_feedback\").innerHTML=response;\n\n\t\t\t\/\/ Execute any script tags in the response (useful to reset the form)\n\t\t\ttheForm.parentElement.querySelector(\".lc_form_feedback\").querySelectorAll(\"script\").forEach(script => {\n\t\t\t\tconst newScript = document.createElement(\"script\");\n\t\t\t\tArray.from(script.attributes).forEach(attr =>\n\t\t\t\t\tnewScript.setAttribute(attr.name, attr.value));\n\t\t\t\tnewScript.appendChild(document.createTextNode(script.innerHTML));\n\t\t\t\tscript.parentNode.replaceChild(newScript, script);\n\t\t\t});\n\n\t\t\ttheForm.parentElement.querySelector(\".lc_form_feedback\").scrollIntoView({block: \"end\", inline: \"nearest\"});\n\t\t\ttheForm.querySelector(\"[type=submit]\").removeAttribute(\"disabled\" );\n\t\t})\n\t\t.catch(err => {\n\t\t\talert(\"Form submit error. Details: \"+err);\n\t\t\ttheForm.querySelector(\"[type=submit]\").removeAttribute(\"disabled\" );\n\t\t});\n\t});\n\t<\/script>\n\t<\/form>\n<\/p><\/div>\n<\/p><\/div>\n<\/p><\/div>\n<\/p><\/div>\n<\/section>\n","protected":false},"excerpt":{"rendered":"<p>Looking for high quality products\/services at competitive prices?<\/p>","protected":false},"author":1,"featured_media":0,"parent":0,"menu_order":0,"comment_status":"closed","ping_status":"closed","template":"","meta":{"_seopress_robots_primary_cat":"","_seopress_titles_title":"","_seopress_titles_desc":"","_seopress_robots_index":"","footnotes":""},"class_list":["post-241","page","type-page","status-publish","hentry"],"_links":{"self":[{"href":"https:\/\/e-chain.hu\/en\/wp-json\/wp\/v2\/pages\/241","targetHints":{"allow":["GET"]}}],"collection":[{"href":"https:\/\/e-chain.hu\/en\/wp-json\/wp\/v2\/pages"}],"about":[{"href":"https:\/\/e-chain.hu\/en\/wp-json\/wp\/v2\/types\/page"}],"author":[{"embeddable":true,"href":"https:\/\/e-chain.hu\/en\/wp-json\/wp\/v2\/users\/1"}],"replies":[{"embeddable":true,"href":"https:\/\/e-chain.hu\/en\/wp-json\/wp\/v2\/comments?post=241"}],"version-history":[{"count":11,"href":"https:\/\/e-chain.hu\/en\/wp-json\/wp\/v2\/pages\/241\/revisions"}],"predecessor-version":[{"id":859,"href":"https:\/\/e-chain.hu\/en\/wp-json\/wp\/v2\/pages\/241\/revisions\/859"}],"wp:attachment":[{"href":"https:\/\/e-chain.hu\/en\/wp-json\/wp\/v2\/media?parent=241"}],"curies":[{"name":"wp","href":"https:\/\/api.w.org\/{rel}","templated":true}]}}