{"id":138,"date":"2025-01-27T08:35:49","date_gmt":"2025-01-27T07:35:49","guid":{"rendered":"https:\/\/dev.sysvol.hu\/echain\/?page_id=138"},"modified":"2025-08-21T09:29:19","modified_gmt":"2025-08-21T07:29:19","slug":"hirek","status":"publish","type":"page","link":"https:\/\/e-chain.hu\/en\/hirek\/","title":{"rendered":"News"},"content":{"rendered":"<section>\n<div class=\"container\">\n<div class=\"row\">\n<div class=\"col-md-12\">\n<div class=\"lc-block\">\n<div id=\"myPostsGrid\" class=\"row row-cols-1 row-cols-md-2 row-cols-xl-3\">\n<div class=\"col mb-4\">\n<div class=\"follow-dir\">\n<div class=\"image-wrapper\">\n<p>\t\t\t\t\t\t\t\t\t\t\t\t<img decoding=\"async\" loading=\"lazy\" src=\"https:\/\/e-chain.hu\/wp-content\/uploads\/2026\/03\/szerviz-gyakornok-1024x683.jpg\" srcset=\"https:\/\/e-chain.hu\/wp-content\/uploads\/2026\/03\/szerviz-gyakornok-300x200.jpg 300w, https:\/\/e-chain.hu\/wp-content\/uploads\/2026\/03\/szerviz-gyakornok-1024x683.jpg 1024w, https:\/\/e-chain.hu\/wp-content\/uploads\/2026\/03\/szerviz-gyakornok-768x512.jpg 768w, https:\/\/e-chain.hu\/wp-content\/uploads\/2026\/03\/szerviz-gyakornok-1536x1024.jpg 1536w, https:\/\/e-chain.hu\/wp-content\/uploads\/2026\/03\/szerviz-gyakornok-2048x1365.jpg 2048w, https:\/\/e-chain.hu\/wp-content\/uploads\/2026\/03\/szerviz-gyakornok-18x12.jpg 18w, https:\/\/e-chain.hu\/wp-content\/uploads\/2026\/03\/szerviz-gyakornok-1320x880.jpg 1320w, https:\/\/e-chain.hu\/wp-content\/uploads\/2026\/03\/szerviz-gyakornok-scaled.jpg 1920w\" sizes=\"(max-width: 300px) 100vw, 300px\" class=\"img-fluid mb-0 w-100 object-fit-cover shadow\" style=\"aspect-ratio:1\/1\" alt \/><\/p><\/div>\n<div class=\"caption-pane\">\n<div class=\"caption-text d-flex h-100 justify-content-center align-items-center text-white display-2\">\n\t\t\t\t\t\t\t\t\t\t\t\t<a class=\"text-secondary\" href=\"https:\/\/e-chain.hu\/en\/szerviz-gyakornok\/\"><br \/>\n\t\t\t\t\t\t\t\t\t\t\t\t\t<i class=\"bi bi-plus-square\"><\/i><br \/>\n\t\t\t\t\t\t\t\t\t\t\t\t<\/a>\n\t\t\t\t\t\t\t\t\t\t\t<\/div>\n<\/p><\/div>\n<\/p><\/div>\n<div class=\"lc-block mt-2\">\n\t\t\t\t\t\t\t\t\t\t<!-- link and title --><br \/>\n\t\t\t\t\t\t\t\t\t\t<a class href=\"https:\/\/e-chain.hu\/en\/szerviz-gyakornok\/\"><\/p>\n<h3 class=\"fw-bold fs-4 ls-n1  mb-0\">\n\t\t\t\t\t\t\t\t\t\t\t\tSzerviz gyakornok<br \/>\n\t\t\t\t\t\t\t\t\t\t\t<\/h3>\n<p>\t\t\t\t\t\t\t\t\t\t<\/a> <!-- author --> <span class=\"fst-italic text-body text-opacity-50\"> by<br \/>\n\t\t\t\t\t\t\t\t\t\t\tNEMES Emma<br \/>\n\t\t\t\t\t\t\t\t\t\t<\/span> <!-- publish date --><\/p>\n<p class=\"text-body text-opacity-50 mb-1\">\n\t\t\t\t\t\t\t\t\t\t\tMarch 10, 2026\n\t\t\t\t\t\t\t\t\t\t<\/p>\n<p> <!-- excerpt --><\/p>\n<p class=\"text-body text-opacity-75 mt-0\">\n\t\t\t\t\t\t\t\t\t\t\t&nbsp; Szeretn\u00e9l m\u00e1r egyetem mellett val\u00f3s m\u0171szaki projekteken dolgozni, nem<a href=\"https:\/\/e-chain.hu\/en\/szerviz-gyakornok\/\" class=\"more-link\">&#8230;<\/a>\n\t\t\t\t\t\t\t\t\t\t<\/p>\n<p> <!-- Post Categories --><br \/>\n\t\t\t\t\t\t\t\t\t\t <a href=\"https:\/\/e-chain.hu\/en\/category\/hirek\/\" class=\"badge bg-primary rounded-pill link-light text-decoration-none\"><br \/>\n\t\t\t\t\t\t\t\t\t\t\t\tNews<br \/>\n\t\t\t\t\t\t\t\t\t\t\t<\/a>  <a href=\"https:\/\/e-chain.hu\/en\/category\/karrier\/\" class=\"badge bg-primary rounded-pill link-light text-decoration-none\"><br \/>\n\t\t\t\t\t\t\t\t\t\t\t\tKarrier<br \/>\n\t\t\t\t\t\t\t\t\t\t\t<\/a>\n\t\t\t\t\t\t\t\t\t<\/div>\n<\/p><\/div>\n<div class=\"col mb-4\">\n<div class=\"follow-dir\">\n<div class=\"image-wrapper\">\n<p>\t\t\t\t\t\t\t\t\t\t\t\t<img decoding=\"async\" loading=\"lazy\" src=\"https:\/\/e-chain.hu\/wp-content\/uploads\/2025\/08\/job-sales-opportunity.webp\" srcset=\"https:\/\/e-chain.hu\/wp-content\/uploads\/2025\/08\/job-sales-opportunity-300x300.webp 300w, https:\/\/e-chain.hu\/wp-content\/uploads\/2025\/08\/job-sales-opportunity-150x150.webp 150w, https:\/\/e-chain.hu\/wp-content\/uploads\/2025\/08\/job-sales-opportunity-768x768.webp 768w, https:\/\/e-chain.hu\/wp-content\/uploads\/2025\/08\/job-sales-opportunity-12x12.webp 12w, https:\/\/e-chain.hu\/wp-content\/uploads\/2025\/08\/job-sales-opportunity-400x400.webp 400w, https:\/\/e-chain.hu\/wp-content\/uploads\/2025\/08\/job-sales-opportunity.webp 1024w\" sizes=\"(max-width: 300px) 100vw, 300px\" class=\"img-fluid mb-0 w-100 object-fit-cover shadow\" style=\"aspect-ratio:1\/1\" alt \/><\/p><\/div>\n<div class=\"caption-pane\">\n<div class=\"caption-text d-flex h-100 justify-content-center align-items-center text-white display-2\">\n\t\t\t\t\t\t\t\t\t\t\t\t<a class=\"text-secondary\" href=\"https:\/\/e-chain.hu\/en\/ertekesitesi-munkatarsat-keresunk-legy-a-csapatunk-motorja\/\"><br \/>\n\t\t\t\t\t\t\t\t\t\t\t\t\t<i class=\"bi bi-plus-square\"><\/i><br \/>\n\t\t\t\t\t\t\t\t\t\t\t\t<\/a>\n\t\t\t\t\t\t\t\t\t\t\t<\/div>\n<\/p><\/div>\n<\/p><\/div>\n<div class=\"lc-block mt-2\">\n\t\t\t\t\t\t\t\t\t\t<!-- link and title --><br \/>\n\t\t\t\t\t\t\t\t\t\t<a class href=\"https:\/\/e-chain.hu\/en\/ertekesitesi-munkatarsat-keresunk-legy-a-csapatunk-motorja\/\"><\/p>\n<h3 class=\"fw-bold fs-4 ls-n1  mb-0\">\n\t\t\t\t\t\t\t\t\t\t\t\t\u00c9rt\u00e9kes\u00edt\u00e9si gyakornok<br \/>\n\t\t\t\t\t\t\t\t\t\t\t<\/h3>\n<p>\t\t\t\t\t\t\t\t\t\t<\/a> <!-- author --> <span class=\"fst-italic text-body text-opacity-50\"> by<br \/>\n\t\t\t\t\t\t\t\t\t\t\tsiteadmin<br \/>\n\t\t\t\t\t\t\t\t\t\t<\/span> <!-- publish date --><\/p>\n<p class=\"text-body text-opacity-50 mb-1\">\n\t\t\t\t\t\t\t\t\t\t\tMarch 10, 2026\n\t\t\t\t\t\t\t\t\t\t<\/p>\n<p> <!-- excerpt --><\/p>\n<p class=\"text-body text-opacity-75 mt-0\">\n\t\t\t\t\t\t\t\t\t\t\tSzereted a kih\u00edv\u00e1sokat, motiv\u00e1l a siker \u00e9s fontos sz\u00e1modra a fejl\u0151d\u00e9s? Csatlakozz hozz\u00e1nk \u00e9rt\u00e9kes\u00edt\u0151k\u00e9nt, \u00e9s legy\u00e9l r\u00e9szese egy dinamikus, t\u00e1mogat\u00f3 \u00e9s eredm\u00e9nyorient\u00e1lt csapatnak!\n\t\t\t\t\t\t\t\t\t\t<\/p>\n<p> <!-- Post Categories --><br \/>\n\t\t\t\t\t\t\t\t\t\t <a href=\"https:\/\/e-chain.hu\/en\/category\/hirek\/\" class=\"badge bg-primary rounded-pill link-light text-decoration-none\"><br \/>\n\t\t\t\t\t\t\t\t\t\t\t\tNews<br \/>\n\t\t\t\t\t\t\t\t\t\t\t<\/a>  <a href=\"https:\/\/e-chain.hu\/en\/category\/karrier\/\" class=\"badge bg-primary rounded-pill link-light text-decoration-none\"><br \/>\n\t\t\t\t\t\t\t\t\t\t\t\tKarrier<br \/>\n\t\t\t\t\t\t\t\t\t\t\t<\/a>\n\t\t\t\t\t\t\t\t\t<\/div>\n<\/p><\/div>\n<\/p><\/div>\n<\/p><\/div>\n<\/p><\/div>\n<\/p><\/div>\n<\/p><\/div>\n<\/section>","protected":false},"excerpt":{"rendered":"<p>Latest technology news and analysis to help you keep up with fast-changing industry trends. <\/p>","protected":false},"author":1,"featured_media":0,"parent":0,"menu_order":0,"comment_status":"closed","ping_status":"closed","template":"","meta":{"_seopress_robots_primary_cat":"","_seopress_titles_title":"","_seopress_titles_desc":"","_seopress_robots_index":"","footnotes":""},"class_list":["post-138","page","type-page","status-publish","hentry"],"_links":{"self":[{"href":"https:\/\/e-chain.hu\/en\/wp-json\/wp\/v2\/pages\/138","targetHints":{"allow":["GET"]}}],"collection":[{"href":"https:\/\/e-chain.hu\/en\/wp-json\/wp\/v2\/pages"}],"about":[{"href":"https:\/\/e-chain.hu\/en\/wp-json\/wp\/v2\/types\/page"}],"author":[{"embeddable":true,"href":"https:\/\/e-chain.hu\/en\/wp-json\/wp\/v2\/users\/1"}],"replies":[{"embeddable":true,"href":"https:\/\/e-chain.hu\/en\/wp-json\/wp\/v2\/comments?post=138"}],"version-history":[{"count":14,"href":"https:\/\/e-chain.hu\/en\/wp-json\/wp\/v2\/pages\/138\/revisions"}],"predecessor-version":[{"id":817,"href":"https:\/\/e-chain.hu\/en\/wp-json\/wp\/v2\/pages\/138\/revisions\/817"}],"wp:attachment":[{"href":"https:\/\/e-chain.hu\/en\/wp-json\/wp\/v2\/media?parent=138"}],"curies":[{"name":"wp","href":"https:\/\/api.w.org\/{rel}","templated":true}]}}