{"id":133,"date":"2025-01-27T08:22:42","date_gmt":"2025-01-27T07:22:42","guid":{"rendered":"https:\/\/dev.sysvol.hu\/echain\/?page_id=133"},"modified":"2026-03-02T16:10:30","modified_gmt":"2026-03-02T15:10:30","slug":"partnereink","status":"publish","type":"page","link":"https:\/\/e-chain.hu\/en\/partnereink\/","title":{"rendered":"Partner link"},"content":{"rendered":"<section class=\"pb-5\">\n<div class=\"container\">\n<div class=\"row\">\n<div class=\"col-md-12\">\n<div class=\"lc-block\">\n<div class=\"slick-carousel row text-center\">\n<div class=\"slick-item col-md-3\">\n\t\t\t\t\t\t\t<img alt=\"\" loading=\"lazy\" decoding=\"async\" src=\"https:\/\/e-chain.hu\/wp-content\/uploads\/2025\/02\/smt.webp\" class=\"card-img-top wp-image-343\" width=\"400\" height=\"400\" srcset=\"https:\/\/e-chain.hu\/wp-content\/uploads\/2025\/02\/smt.webp 400w, https:\/\/e-chain.hu\/wp-content\/uploads\/2025\/02\/smt-300x300.webp 300w, https:\/\/e-chain.hu\/wp-content\/uploads\/2025\/02\/smt-150x150.webp 150w\" sizes=\"auto, (max-width: 400px) 100vw, 400px\"><\/p>\n<div class=\"slick-item-body\">\n<div editable=\"rich\">\n<h5 class=\"slick-item-title\">SMT<\/h5>\n<p class=\"slick-item-text\">Fels\u0151 kateg\u00f3ri\u00e1s reflow \u00e9s v\u00e1kuumos reflow kemenc\u00e9k, h\u0151kamr\u00e1k, sz\u00e1r\u00edt\u00f3 kemenc\u00e9k \u00e9s egyedi termikus alkalmaz\u00e1sok.<\/p>\n<\/p><\/div>\n<\/p><\/div>\n<\/p><\/div>\n<div class=\"slick-item col-md-3\">\n\t\t\t\t\t\t\t<img alt=\"\" loading=\"lazy\" decoding=\"async\" src=\"https:\/\/e-chain.hu\/wp-content\/uploads\/2025\/02\/tri.webp\" class=\"card-img-top wp-image-345\" width=\"400\" height=\"400\" srcset=\"https:\/\/e-chain.hu\/wp-content\/uploads\/2025\/02\/tri.webp 400w, https:\/\/e-chain.hu\/wp-content\/uploads\/2025\/02\/tri-300x300.webp 300w, https:\/\/e-chain.hu\/wp-content\/uploads\/2025\/02\/tri-150x150.webp 150w\" sizes=\"auto, (max-width: 400px) 100vw, 400px\"><\/p>\n<div class=\"slick-item-body\">\n<div editable=\"rich\">\n<h5 class=\"slick-item-title\">TRI<\/h5>\n<p class=\"slick-item-text\">3D AOI \u00e9s SPI rendszerek, inline r\u00f6ntgenek (AXI) 3D \u00e9s CT k\u00e9pess\u00e9ggel. Alakk\u00f6vet\u0151 bevonatol\u00e1s optikai ellen\u0151rz\u0151 rendszerek (CI AOI).<\/p>\n<\/p><\/div>\n<\/p><\/div>\n<\/p><\/div>\n<div class=\"slick-item col-md-3\">\n\t\t\t\t\t\t\t<img alt=\"\" loading=\"lazy\" decoding=\"async\" src=\"https:\/\/e-chain.hu\/wp-content\/uploads\/2025\/02\/panasonic.webp\" class=\"card-img-top wp-image-341\" width=\"400\" height=\"400\" srcset=\"https:\/\/e-chain.hu\/wp-content\/uploads\/2025\/02\/panasonic.webp 400w, https:\/\/e-chain.hu\/wp-content\/uploads\/2025\/02\/panasonic-300x300.webp 300w, https:\/\/e-chain.hu\/wp-content\/uploads\/2025\/02\/panasonic-150x150.webp 150w\" sizes=\"auto, (max-width: 400px) 100vw, 400px\"><\/p>\n<div class=\"slick-item-body\">\n<div editable=\"rich\">\n<h5 class=\"slick-item-title\">Panasonic<\/h5>\n<p class=\"slick-item-text\">SMD be\u00fcltet\u0151k, pasztanyomtat\u00f3k, PTH\/THT be\u00fcltet\u0151k, Smart factory megold\u00e1sok.<\/p>\n<\/p><\/div>\n<\/p><\/div>\n<\/p><\/div>\n<div class=\"slick-item col-md-3\">\n\t\t\t\t\t\t\t<img alt=\"\" loading=\"lazy\" decoding=\"async\" src=\"https:\/\/e-chain.hu\/wp-content\/uploads\/2025\/02\/rtwork.webp\" class=\"card-img-top wp-image-342\" width=\"400\" height=\"400\" srcset=\"https:\/\/e-chain.hu\/wp-content\/uploads\/2025\/02\/rtwork.webp 400w, https:\/\/e-chain.hu\/wp-content\/uploads\/2025\/02\/rtwork-300x300.webp 300w, https:\/\/e-chain.hu\/wp-content\/uploads\/2025\/02\/rtwork-150x150.webp 150w\" sizes=\"auto, (max-width: 400px) 100vw, 400px\"><\/p>\n<div class=\"slick-item-body\">\n<h5 class=\"slick-item-title\">Rtwork<\/h5>\n<p class=\"slick-item-text\">Provider of innovative industrial network management systems.<\/p>\n<\/p><\/div>\n<\/p><\/div>\n<div class=\"slick-item col-md-3\">\n\t\t\t\t\t\t\t<img alt=\"\" loading=\"lazy\" decoding=\"async\" src=\"https:\/\/e-chain.hu\/wp-content\/uploads\/2025\/02\/unicomp.webp\" class=\"card-img-top wp-image-346\" width=\"400\" height=\"400\" srcset=\"https:\/\/e-chain.hu\/wp-content\/uploads\/2025\/02\/unicomp.webp 400w, https:\/\/e-chain.hu\/wp-content\/uploads\/2025\/02\/unicomp-300x300.webp 300w, https:\/\/e-chain.hu\/wp-content\/uploads\/2025\/02\/unicomp-150x150.webp 150w\" sizes=\"auto, (max-width: 400px) 100vw, 400px\"><\/p>\n<div class=\"slick-item-body\">\n<div editable=\"rich\">\n<h5 class=\"slick-item-title\">Unicomp<\/h5>\n<p class=\"slick-item-text\">R\u00f6ntgen vizsg\u00e1l\u00f3berendez\u00e9sek \u00e9s r\u00f6ntgenes alkatr\u00e9szsz\u00e1ml\u00e1l\u00f3k az elektronikai ipar, a g\u00e9pipar \u00e9s tov\u00e1bbi ipar\u00e1gak sz\u00e1m\u00e1ra.&nbsp;<\/p>\n<\/p><\/div>\n<\/p><\/div>\n<\/p><\/div>\n<div class=\"slick-item col-md-3\">\n\t\t\t\t\t\t\t<img alt=\"\" loading=\"lazy\" decoding=\"async\" src=\"https:\/\/e-chain.hu\/wp-content\/uploads\/2025\/02\/kic.webp\" class=\"card-img-top wp-image-340\" width=\"400\" height=\"400\" srcset=\"https:\/\/e-chain.hu\/wp-content\/uploads\/2025\/02\/kic.webp 400w, https:\/\/e-chain.hu\/wp-content\/uploads\/2025\/02\/kic-300x300.webp 300w, https:\/\/e-chain.hu\/wp-content\/uploads\/2025\/02\/kic-150x150.webp 150w\" sizes=\"auto, (max-width: 400px) 100vw, 400px\"><\/p>\n<div class=\"slick-item-body\">\n<div editable=\"rich\">\n<h5 class=\"slick-item-title\">KIC<\/h5>\n<p class=\"slick-item-text\">H\u0151profilm\u00e9r\u0151k &#8211; termikus folyamatok profiloz\u00e1sa (reflow, hull\u00e1m, szelekt\u00edv \u00e9s m\u00e1sok), egyed\u00fcl\u00e1ll\u00f3 val\u00f3s idej\u0171 monitoroz\u00e1sa (reflow, wave).<\/p>\n<\/p><\/div>\n<\/p><\/div>\n<\/p><\/div>\n<div class=\"slick-item col-md-3\">\n\t\t\t\t\t\t\t<img alt=\"\" loading=\"lazy\" decoding=\"async\" src=\"https:\/\/e-chain.hu\/wp-content\/uploads\/2025\/02\/coatflow.webp\" class=\"card-img-top wp-image-337\" width=\"400\" height=\"400\" srcset=\"https:\/\/e-chain.hu\/wp-content\/uploads\/2025\/02\/coatflow.webp 400w, https:\/\/e-chain.hu\/wp-content\/uploads\/2025\/02\/coatflow-300x300.webp 300w, https:\/\/e-chain.hu\/wp-content\/uploads\/2025\/02\/coatflow-150x150.webp 150w\" sizes=\"auto, (max-width: 400px) 100vw, 400px\"><\/p>\n<div class=\"slick-item-body\">\n<div editable=\"rich\">\n<h5 class=\"slick-item-title\">Coatflow<\/h5>\n<p class=\"slick-item-text\">Alakk\u00f6vet\u0151 lakkoz\u00e1s, diszpenz\u00e1l\u00e1s, kikem\u00e9ny\u00edt\u00e9s, egy- \u00e9s k\u00e9tkomponens\u0171 adagol\u00e1s.<\/p>\n<\/p><\/div>\n<\/p><\/div>\n<\/p><\/div>\n<div class=\"slick-item col-md-3\">\n\t\t\t\t\t\t\t<img alt=\"\" loading=\"lazy\" decoding=\"async\" src=\"https:\/\/e-chain.hu\/wp-content\/uploads\/2025\/02\/inowaxe.webp\" class=\"card-img-top wp-image-338\" width=\"400\" height=\"400\" srcset=\"https:\/\/e-chain.hu\/wp-content\/uploads\/2025\/02\/inowaxe.webp 400w, https:\/\/e-chain.hu\/wp-content\/uploads\/2025\/02\/inowaxe-300x300.webp 300w, https:\/\/e-chain.hu\/wp-content\/uploads\/2025\/02\/inowaxe-150x150.webp 150w\" sizes=\"auto, (max-width: 400px) 100vw, 400px\"><\/p>\n<div class=\"slick-item-body\">\n<div editable=\"rich\">\n<h5 class=\"slick-item-title\">Inowaxe<\/h5>\n<p class=\"slick-item-text\">Innovat\u00edv anyagkezel\u00e9si megold\u00e1sok az elektronikai gy\u00e1rt\u00f3ipar sz\u00e1m\u00e1ra (SMD t\u00e1rol\u00e1s).<\/p>\n<\/p><\/div>\n<\/p><\/div>\n<\/p><\/div>\n<div class=\"slick-item col-md-3\">\n\t\t\t\t\t\t\t<img alt=\"\" loading=\"lazy\" decoding=\"async\" src=\"https:\/\/e-chain.hu\/wp-content\/uploads\/2025\/02\/ipte.webp\" class=\"card-img-top wp-image-339\" width=\"400\" height=\"400\" srcset=\"https:\/\/e-chain.hu\/wp-content\/uploads\/2025\/02\/ipte.webp 400w, https:\/\/e-chain.hu\/wp-content\/uploads\/2025\/02\/ipte-300x300.webp 300w, https:\/\/e-chain.hu\/wp-content\/uploads\/2025\/02\/ipte-150x150.webp 150w\" sizes=\"auto, (max-width: 400px) 100vw, 400px\"><\/p>\n<div class=\"slick-item-body\">\n<div editable=\"rich\">\n<h5 class=\"slick-item-title\">IPTE<\/h5>\n<p class=\"slick-item-text\">Jel\u00f6l\u0151 rendszerek (c\u00edmk\u00e9s, l\u00e9zeres, tintasugaras), PCB darabol\u00f3k, board handling, test handlerek (FT\/ICT&#8230;), odd-shape alkatr\u00e9sz be\u00fcltet\u0151k, press-fit, gy\u00e1ri automatiz\u00e1l\u00e1s, integr\u00e1ci\u00f3<\/p>\n<\/p><\/div>\n<\/p><\/div>\n<\/p><\/div>\n<div class=\"slick-item col-md-3\">\n\t\t\t\t\t\t\t<img alt=\"\" loading=\"lazy\" decoding=\"async\" src=\"https:\/\/e-chain.hu\/wp-content\/uploads\/2025\/02\/telsonic.webp\" class=\"card-img-top wp-image-344\" width=\"400\" height=\"400\" srcset=\"https:\/\/e-chain.hu\/wp-content\/uploads\/2025\/02\/telsonic.webp 400w, https:\/\/e-chain.hu\/wp-content\/uploads\/2025\/02\/telsonic-300x300.webp 300w, https:\/\/e-chain.hu\/wp-content\/uploads\/2025\/02\/telsonic-150x150.webp 150w\" sizes=\"auto, (max-width: 400px) 100vw, 400px\"><\/p>\n<div class=\"slick-item-body\">\n<div editable=\"rich\">\n<h5 class=\"slick-item-title\">Telsonic<\/h5>\n<p class=\"slick-item-text\">Ultrahangos hegeszt\u0151k: m\u0171anyag-m\u0171anyag, f\u00e9m-f\u00e9m \u00e9s tov\u00e1bbi UH alkalmaz\u00e1sok. Manu\u00e1lis, asztali kivitelt\u0151l a nagy automata berendez\u00e9sekig.<\/p>\n<\/p><\/div>\n<\/p><\/div>\n<\/p><\/div>\n<\/p><\/div>\n<\/p><\/div>\n<\/p><\/div>\n<\/p><\/div>\n<\/p><\/div>\n<\/section>","protected":false},"excerpt":{"rendered":"<p>Our partners contribute to our success and enable us to continuously provide innovative and high quality solutions to our customers.<\/p>","protected":false},"author":1,"featured_media":0,"parent":0,"menu_order":0,"comment_status":"closed","ping_status":"closed","template":"","meta":{"_seopress_robots_primary_cat":"","_seopress_titles_title":"","_seopress_titles_desc":"","_seopress_robots_index":"","footnotes":""},"class_list":["post-133","page","type-page","status-publish","hentry"],"_links":{"self":[{"href":"https:\/\/e-chain.hu\/en\/wp-json\/wp\/v2\/pages\/133","targetHints":{"allow":["GET"]}}],"collection":[{"href":"https:\/\/e-chain.hu\/en\/wp-json\/wp\/v2\/pages"}],"about":[{"href":"https:\/\/e-chain.hu\/en\/wp-json\/wp\/v2\/types\/page"}],"author":[{"embeddable":true,"href":"https:\/\/e-chain.hu\/en\/wp-json\/wp\/v2\/users\/1"}],"replies":[{"embeddable":true,"href":"https:\/\/e-chain.hu\/en\/wp-json\/wp\/v2\/comments?post=133"}],"version-history":[{"count":23,"href":"https:\/\/e-chain.hu\/en\/wp-json\/wp\/v2\/pages\/133\/revisions"}],"predecessor-version":[{"id":1056,"href":"https:\/\/e-chain.hu\/en\/wp-json\/wp\/v2\/pages\/133\/revisions\/1056"}],"wp:attachment":[{"href":"https:\/\/e-chain.hu\/en\/wp-json\/wp\/v2\/media?parent=133"}],"curies":[{"name":"wp","href":"https:\/\/api.w.org\/{rel}","templated":true}]}}