{"id":114,"date":"2025-01-26T09:04:06","date_gmt":"2025-01-26T08:04:06","guid":{"rendered":"https:\/\/dev.sysvol.hu\/echain\/?page_id=114"},"modified":"2026-03-05T14:35:29","modified_gmt":"2026-03-05T13:35:29","slug":"rolunk","status":"publish","type":"page","link":"https:\/\/e-chain.hu\/en\/rolunk\/","title":{"rendered":"About us"},"content":{"rendered":"<section class=\"pb-5\">\n<div class=\"container\">\n<div class=\"row\">\n<div class=\"col-md-6\">\n<div class=\"lc-block\">\n<div editable=\"rich\">\n<h2>E-chain Ltd - Innovation and reliability in industrial automation<\/h2>\n<p><\/p>\n<p>C\u00e9g\u00fcnk, az E-chain Kft az elektronikai, elektromechanikai \u00e9s aut\u00f3ipari piaci szegmensek t\u00e1mogat\u00f3jak\u00e9nt sz\u00e1mos technol\u00f3giai gy\u00e1rt\u00f3 berendez\u00e9st k\u00edn\u00e1l vev\u0151i \u00e9s az \u00e9rdekl\u0151d\u0151k sz\u00e1m\u00e1ra. <\/p>\n<p>Jelenleg tizenh\u00e1rom k\u00fclf\u00f6ldi, Egyes\u00fclt \u00c1llamokbeli, eur\u00f3pai \u00e9s \u00e1zsiai vezet\u0151 gy\u00e1rt\u00f3k term\u00e9keit k\u00edn\u00e1ljuk, amelyhez teljesk\u00f6r\u0171 szerviz \u00e9s szakmai t\u00e1mogat\u00e1s is t\u00e1rsul. <\/p>\n<p>B\u00fcszk\u00e9k vagyunk m\u00e1sf\u00e9l \u00e9vtizedes tapasztalatunkra \u00e9s sz\u00e9les k\u00f6r\u0171 szaktud\u00e1sunkra az elektronikai ipar ter\u00fclet\u00e9n. \u00c9rt\u00e9keink k\u00f6z\u00e9 tartozik a magas sz\u00ednvonal\u00fa m\u0171szaki \u00e9s kereskedelmi szolg\u00e1ltat\u00e1s, megb\u00edzhat\u00f3 \u00e9s professzion\u00e1lis partnerek k\u00e9pviselete, valamint a folyamatos fejl\u0151d\u00e9s \u00e9s b\u0151v\u00fcl\u00e9s, legyen sz\u00f3 \u00faj term\u00e9kekr\u0151l, szolg\u00e1ltat\u00e1sokr\u00f3l vagy piaci terjeszked\u00e9sr\u0151l. <\/p>\n<p>C\u00e9g\u00fcnk 2018.01.09 \u00f3ta az \u00c9MI-T\u00dcV S\u00dcD \u00e1ltal tan\u00fas\u00edtott ISO 9001:2015 Min\u0151s\u00e9gir\u00e1ny\u00edt\u00e1si rendszerrel rendelkezik. <\/p>\n<p>Nyolcadik \u00e9ve rendelkez\u00fcnk a Dun&amp;Breadstreet (kor\u00e1bban Bisnode) p\u00e9nz\u00fcgyi min\u0151s\u00edt\u0151 c\u00e9g legmagasabb, AAA min\u0151s\u00edt\u00e9s\u00e9vel. <\/p>\n<p><\/p>\n<p><\/p>\n<p><\/p>\n<h2>International relations, local solutions <\/h2>\n<p>Kiemelt partnereink k\u00f6z\u00f6tt szerepelnek olyan piacvezet\u0151 v\u00e1llalatok, mint az SMT Maschinen- und Vertriebs GmbH &amp; Co. KG, a KIC International, a TELSONIC AG, az IPTE, a TRI Inc., az Inovaxe Corporation \u00e9s a Panasonic Connect Europe Gmbh. Az \u0151 innov\u00e1ci\u00f3ikra alapozva biztos\u00edtjuk partnereink sz\u00e1m\u00e1ra a legmodernebb technol\u00f3gi\u00e1t, amely megfelel az eur\u00f3pai sztenderdeknek.<\/p>\n<p><\/p>\n<\/p><\/div>\n<\/p><\/div>\n<\/p><\/div>\n<div class=\"col-md-6\">\n<div class=\"lc-block\">\n\t\t\t\t\t<img alt=\"\" loading=\"lazy\" decoding=\"async\" class=\"img-fluid p-5 wp-image-1065\" src=\"https:\/\/e-chain.hu\/wp-content\/uploads\/2026\/03\/9270ts151117_A2_MEK-scaled.jpg\" width=\"1920\" height=\"1278\" srcset=\"https:\/\/e-chain.hu\/wp-content\/uploads\/2026\/03\/9270ts151117_A2_MEK-scaled.jpg 1920w, https:\/\/e-chain.hu\/wp-content\/uploads\/2026\/03\/9270ts151117_A2_MEK-300x200.jpg 300w, https:\/\/e-chain.hu\/wp-content\/uploads\/2026\/03\/9270ts151117_A2_MEK-1024x681.jpg 1024w, https:\/\/e-chain.hu\/wp-content\/uploads\/2026\/03\/9270ts151117_A2_MEK-768x511.jpg 768w, https:\/\/e-chain.hu\/wp-content\/uploads\/2026\/03\/9270ts151117_A2_MEK-1536x1022.jpg 1536w, https:\/\/e-chain.hu\/wp-content\/uploads\/2026\/03\/9270ts151117_A2_MEK-2048x1363.jpg 2048w, https:\/\/e-chain.hu\/wp-content\/uploads\/2026\/03\/9270ts151117_A2_MEK-18x12.jpg 18w, https:\/\/e-chain.hu\/wp-content\/uploads\/2026\/03\/9270ts151117_A2_MEK-1320x878.jpg 1320w\" sizes=\"auto, (max-width: 1920px) 100vw, 1920px\">\n\t\t\t\t<\/div>\n<\/p><\/div>\n<\/p><\/div>\n<\/p><\/div>\n<\/section>\n<section class=\"py-5 text-light bg-dark\">\n<div class=\"container\">\n<div class=\"row py-5\">\n<div class=\"col-md-8\">\n<div class=\"lc-block\">\n<div editable=\"rich\">\n<h2>Contact us and together we will find the best solution for your business!<\/h2>\n<\/p><\/div>\n<\/p><\/div>\n<\/p><\/div>\n<div class=\"col-md-4 d-flex align-items-center justify-content-center\">\n<div class=\"lc-block\">\n\t\t\t\t\t<a class=\"btn btn-warning btn-lg btn-square\" href=\"#\" role=\"button\">Contact<\/a>\n\t\t\t\t<\/div>\n<\/p><\/div>\n<\/p><\/div>\n<\/p><\/div>\n<\/section>\n<section class=\"pt-5\">\n<div class=\"container\">\n<div class=\"row\">\n<div class=\"col-md-6\">\n<div class=\"lc-block\">\n\t\t\t\t\t<img alt=\"\" loading=\"lazy\" decoding=\"async\" class=\"img-fluid p-5 wp-image-1057\" src=\"https:\/\/e-chain.hu\/wp-content\/uploads\/2026\/03\/prod21_hr_3988-768x512.jpg\" width=\"768\" height=\"512\" srcset=\"https:\/\/e-chain.hu\/wp-content\/uploads\/2026\/03\/prod21_hr_3988-768x512.jpg 768w, https:\/\/e-chain.hu\/wp-content\/uploads\/2026\/03\/prod21_hr_3988-300x200.jpg 300w, https:\/\/e-chain.hu\/wp-content\/uploads\/2026\/03\/prod21_hr_3988-1024x683.jpg 1024w, https:\/\/e-chain.hu\/wp-content\/uploads\/2026\/03\/prod21_hr_3988-1536x1024.jpg 1536w, https:\/\/e-chain.hu\/wp-content\/uploads\/2026\/03\/prod21_hr_3988-2048x1366.jpg 2048w, https:\/\/e-chain.hu\/wp-content\/uploads\/2026\/03\/prod21_hr_3988-18x12.jpg 18w, https:\/\/e-chain.hu\/wp-content\/uploads\/2026\/03\/prod21_hr_3988-1320x880.jpg 1320w, https:\/\/e-chain.hu\/wp-content\/uploads\/2026\/03\/prod21_hr_3988-scaled.jpg 1920w\" sizes=\"auto, (max-width: 768px) 100vw, 768px\">\n\t\t\t\t<\/div>\n<\/p><\/div>\n<div class=\"col-md-6\">\n<div class=\"lc-block\">\n<div editable=\"rich\">\n<h2>Our services and activities<\/h2>\n<p>Our expert team helps our partners overcome manufacturing and technological challenges. Our projects include installation, troubleshooting and custom programming services. <\/p>\n<h3><\/h3>\n<h3>Service and maintenance <\/h3>\n<p>Ell\u00e1tjuk az \u00e1ltalunk forgalmazott berendez\u00e9sek teljes k\u00f6r\u0171 szervizel\u00e9s\u00e9t, biztos\u00edtva azok hossz\u00fat\u00e1v\u00fa \u00e9s megb\u00edzhat\u00f3 m\u0171k\u00f6d\u00e9s\u00e9t. <\/p>\n<h3><\/h3>\n<h3><\/h3>\n<h3>Custom automation solutions <\/h3>\n<p>We design and implement customised production lines, automated production cells and specialised equipment, tailored to the needs of our partners.<\/p>\n<\/p><\/div>\n<\/p><\/div>\n<\/p><\/div>\n<\/p><\/div>\n<\/p><\/div>\n<\/section>\n<section class=\"py-5\">\n<div class=\"container\">\n<div class=\"row\">\n<div class=\"col\">\n<div class=\"lc-block\">\n<div class=\"d-block bg-primary\" style=\"height: 1px;\">\n\t\t\t\t\t<\/div>\n<\/p><\/div>\n<\/p><\/div>\n<\/p><\/div>\n<\/p><\/div>\n<\/section>\n<section>\n<div class=\"container\">\n<div class=\"row\">\n<div class=\"col-md-12\">\n<div class=\"lc-block\">\n<div editable=\"rich\">\n<h2>Showroom and customer focus <\/h2>\n<p>P\u00e9celi bemutat\u00f3term\u00fcnkben partnereink \u00e9l\u0151ben is megtekinthetik \u00e9s kipr\u00f3b\u00e1lhatj\u00e1k az \u00e1ltalunk forgalmazott berendez\u00e9seket. \u00dcgyf\u00e9lk\u00f6zpont\u00fa hozz\u00e1\u00e1ll\u00e1sunkkal arra t\u00f6reksz\u00fcnk, hogy hossz\u00fat\u00e1v\u00fa egy\u00fcttm\u0171k\u00f6d\u00e9st alak\u00edtsunk ki partnereinkkel. <\/p>\n<h2><\/h2>\n<\/p><\/div>\n<\/p><\/div>\n<\/p><\/div>\n<\/p><\/div>\n<\/p><\/div>\n<\/section>","protected":false},"excerpt":{"rendered":"<p>E-chain Ltd. - Innovation and reliability in industrial automation!<\/p>","protected":false},"author":1,"featured_media":0,"parent":0,"menu_order":0,"comment_status":"closed","ping_status":"closed","template":"","meta":{"_seopress_robots_primary_cat":"","_seopress_titles_title":"","_seopress_titles_desc":"","_seopress_robots_index":"","footnotes":""},"class_list":["post-114","page","type-page","status-publish","hentry"],"_links":{"self":[{"href":"https:\/\/e-chain.hu\/en\/wp-json\/wp\/v2\/pages\/114","targetHints":{"allow":["GET"]}}],"collection":[{"href":"https:\/\/e-chain.hu\/en\/wp-json\/wp\/v2\/pages"}],"about":[{"href":"https:\/\/e-chain.hu\/en\/wp-json\/wp\/v2\/types\/page"}],"author":[{"embeddable":true,"href":"https:\/\/e-chain.hu\/en\/wp-json\/wp\/v2\/users\/1"}],"replies":[{"embeddable":true,"href":"https:\/\/e-chain.hu\/en\/wp-json\/wp\/v2\/comments?post=114"}],"version-history":[{"count":29,"href":"https:\/\/e-chain.hu\/en\/wp-json\/wp\/v2\/pages\/114\/revisions"}],"predecessor-version":[{"id":1066,"href":"https:\/\/e-chain.hu\/en\/wp-json\/wp\/v2\/pages\/114\/revisions\/1066"}],"wp:attachment":[{"href":"https:\/\/e-chain.hu\/en\/wp-json\/wp\/v2\/media?parent=114"}],"curies":[{"name":"wp","href":"https:\/\/api.w.org\/{rel}","templated":true}]}}