{"id":1016,"date":"2026-02-05T15:01:00","date_gmt":"2026-02-05T14:01:00","guid":{"rendered":"https:\/\/dev.sysvol.hu\/echain\/?page_id=1016"},"modified":"2026-02-05T15:08:03","modified_gmt":"2026-02-05T14:08:03","slug":"impresszum","status":"publish","type":"page","link":"https:\/\/e-chain.hu\/en\/impresszum\/","title":{"rendered":"Impresszum"},"content":{"rendered":"<p data-start=\"253\" data-end=\"405\"><strong data-start=\"253\" data-end=\"275\">Szolg\u00e1ltat\u00f3 adatai<\/strong><br data-start=\"275\" data-end=\"278\" \/>C\u00e9gn\u00e9v: <strong data-start=\"286\" data-end=\"302\">E-Chain Ltd.<\/strong><br data-start=\"302\" data-end=\"305\" \/>Sz\u00e9khely: <strong data-start=\"315\" data-end=\"341\">2119 P\u00e9cel, Hat\u00e1r u. 3<\/strong><br data-start=\"341\" data-end=\"344\" \/>Email: <strong data-start=\"351\" data-end=\"370\"><a class=\"decorated-link cursor-pointer\" rel=\"noopener\" data-start=\"353\" data-end=\"368\">info@e-chain.hu<\/a><\/strong><br data-start=\"370\" data-end=\"373\" \/>Telefon: <strong data-start=\"382\" data-end=\"403\">+36 (30) 738 6006<\/strong><\/p>\n<p data-start=\"407\" data-end=\"515\"><strong data-start=\"407\" data-end=\"436\">T\u00e1rhelyszolg\u00e1ltat\u00f3 adatai<\/strong><br data-start=\"436\" data-end=\"439\" \/>C\u00e9gn\u00e9v: <strong data-start=\"447\" data-end=\"462\">SYSVOL Kft.<\/strong><br data-start=\"462\" data-end=\"465\" \/>Weboldal: <a class=\"decorated-link\" href=\"https:\/\/sysvol.hu\" target=\"_new\" rel=\"noopener\" data-start=\"475\" data-end=\"513\">https:\/\/sysvol.hu<\/a><\/p>\n<p data-start=\"517\" data-end=\"782\"><strong data-start=\"517\" data-end=\"534\">Szerz\u0151i jogok<\/strong><br data-start=\"534\" data-end=\"537\" \/>A weboldalon tal\u00e1lhat\u00f3 tartalmak (sz\u00f6vegek, k\u00e9pek, log\u00f3k, grafikai elemek) szerz\u0151i jogi v\u00e9delem alatt \u00e1llnak.<br data-start=\"646\" data-end=\"649\" \/>Az oldalon tal\u00e1lhat\u00f3 tartalom r\u00e9szbeni vagy teljes felhaszn\u00e1l\u00e1sa kiz\u00e1r\u00f3lag a szolg\u00e1ltat\u00f3 el\u0151zetes \u00edr\u00e1sbeli enged\u00e9ly\u00e9vel lehets\u00e9ges.<\/p>\n<p data-start=\"784\" data-end=\"1017\"><strong data-start=\"784\" data-end=\"808\">Felel\u0151ss\u00e9gkorl\u00e1toz\u00e1s<\/strong><br data-start=\"808\" data-end=\"811\" \/>Az E-Chain Kft. mindent megtesz az oldal naprak\u00e9sz \u00e9s pontos tartalm\u00e1\u00e9rt, azonban nem v\u00e1llal felel\u0151ss\u00e9get az esetleges hib\u00e1k\u00e9rt vagy hi\u00e1nyoss\u00e1gok\u00e9rt, illetve az oldal haszn\u00e1lat\u00e1b\u00f3l ered\u0151 k\u00f6zvetett k\u00e1rok\u00e9rt.<\/p>","protected":false},"excerpt":{"rendered":"<p>Szolg\u00e1ltat\u00f3 adataiC\u00e9gn\u00e9v: E-Chain Kft.Sz\u00e9khely: 2119 P\u00e9cel, Hat\u00e1r u. 3Email: info@e-chain.huTelefon: +36 (30) 738 6006 T\u00e1rhelyszolg\u00e1ltat\u00f3 adataiC\u00e9gn\u00e9v: SYSVOL Kft.Weboldal: https:\/\/sysvol.hu Szerz\u0151i jogokA weboldalon tal\u00e1lhat\u00f3 tartalmak (sz\u00f6vegek, k\u00e9pek, log\u00f3k, grafikai elemek) szerz\u0151i jogi v\u00e9delem alatt \u00e1llnak.Az oldalon tal\u00e1lhat\u00f3 tartalom r\u00e9szbeni vagy teljes felhaszn\u00e1l\u00e1sa kiz\u00e1r\u00f3lag a szolg\u00e1ltat\u00f3 el\u0151zetes \u00edr\u00e1sbeli enged\u00e9ly\u00e9vel lehets\u00e9ges. Felel\u0151ss\u00e9gkorl\u00e1toz\u00e1sAz E-Chain Kft. mindent megtesz az oldal [&hellip;]<\/p>\n","protected":false},"author":1,"featured_media":0,"parent":0,"menu_order":0,"comment_status":"closed","ping_status":"closed","template":"","meta":{"_seopress_robots_primary_cat":"","_seopress_titles_title":"","_seopress_titles_desc":"","_seopress_robots_index":"","footnotes":""},"class_list":["post-1016","page","type-page","status-publish","hentry"],"_links":{"self":[{"href":"https:\/\/e-chain.hu\/en\/wp-json\/wp\/v2\/pages\/1016","targetHints":{"allow":["GET"]}}],"collection":[{"href":"https:\/\/e-chain.hu\/en\/wp-json\/wp\/v2\/pages"}],"about":[{"href":"https:\/\/e-chain.hu\/en\/wp-json\/wp\/v2\/types\/page"}],"author":[{"embeddable":true,"href":"https:\/\/e-chain.hu\/en\/wp-json\/wp\/v2\/users\/1"}],"replies":[{"embeddable":true,"href":"https:\/\/e-chain.hu\/en\/wp-json\/wp\/v2\/comments?post=1016"}],"version-history":[{"count":2,"href":"https:\/\/e-chain.hu\/en\/wp-json\/wp\/v2\/pages\/1016\/revisions"}],"predecessor-version":[{"id":1020,"href":"https:\/\/e-chain.hu\/en\/wp-json\/wp\/v2\/pages\/1016\/revisions\/1020"}],"wp:attachment":[{"href":"https:\/\/e-chain.hu\/en\/wp-json\/wp\/v2\/media?parent=1016"}],"curies":[{"name":"wp","href":"https:\/\/api.w.org\/{rel}","templated":true}]}}